{"id":47017,"date":"2026-05-07T11:33:50","date_gmt":"2026-05-07T11:33:50","guid":{"rendered":"https:\/\/aja.pt\/?post_type=product&#038;p=47017"},"modified":"2026-05-07T11:35:18","modified_gmt":"2026-05-07T11:35:18","slug":"zeca-afonso-estudos-musicais-para-dois-violoncelos","status":"publish","type":"product","link":"https:\/\/aja.pt\/en\/produto\/zeca-afonso-estudos-musicais-para-dois-violoncelos\/","title":{"rendered":"Zeca Afonso \u2013 Estudos Musicais para Dois Violoncelos"},"content":{"rendered":"<p><img loading=\"lazy\" class=\"alignnone size-medium wp-image-47018\" src=\"https:\/\/aja.pt\/wp-content\/uploads\/2026\/05\/Zeca_Afonso_Estudos-capa-212x300.png\" alt=\"\" width=\"212\" height=\"300\" srcset=\"https:\/\/aja.pt\/wp-content\/uploads\/2026\/05\/Zeca_Afonso_Estudos-capa-212x300.png 212w, https:\/\/aja.pt\/wp-content\/uploads\/2026\/05\/Zeca_Afonso_Estudos-capa-724x1024.png 724w, https:\/\/aja.pt\/wp-content\/uploads\/2026\/05\/Zeca_Afonso_Estudos-capa-768x1086.png 768w, https:\/\/aja.pt\/wp-content\/uploads\/2026\/05\/Zeca_Afonso_Estudos-capa-1086x1536.png 1086w, https:\/\/aja.pt\/wp-content\/uploads\/2026\/05\/Zeca_Afonso_Estudos-capa-1448x2048.png 1448w, https:\/\/aja.pt\/wp-content\/uploads\/2026\/05\/Zeca_Afonso_Estudos-capa-1140x1613.png 1140w\" sizes=\"(max-width: 212px) 100vw, 212px\" \/><\/p>\n","protected":false},"excerpt":{"rendered":"<p><span>A edi\u00e7\u00e3o-livro <\/span><em>Zeca Afonso \u2013 Estudos Musicais para dois Violoncelos<\/em><span>\u00a0resulta de um trabalho desenvolvido entre 2023 e 2025 por\u00a0<\/span><a href=\"https:\/\/mic.pt\/dispatcher?where=0&amp;what=2&amp;show=0&amp;pessoa_id=5770&amp;lang=PT\" target=\"_blank\" data-saferedirecturl=\"https:\/\/www.google.com\/url?q=https:\/\/mic.pt\/dispatcher?where%3D0%26what%3D2%26show%3D0%26pessoa_id%3D5770%26lang%3DPT&amp;source=gmail&amp;ust=1778233870171000&amp;usg=AOvVaw1KN963mTmZzUEyLQvfyLxk\" rel=\"noopener\">Eva Aguilar<\/a><span>,\u00a0<\/span><a href=\"https:\/\/mic.pt\/dispatcher?where=1&amp;what=2&amp;show=0&amp;interprete_id=446&amp;lang=pt\" target=\"_blank\" data-saferedirecturl=\"https:\/\/www.google.com\/url?q=https:\/\/mic.pt\/dispatcher?where%3D1%26what%3D2%26show%3D0%26interprete_id%3D446%26lang%3Dpt&amp;source=gmail&amp;ust=1778233870171000&amp;usg=AOvVaw0t6CQYC7oDIsvsdROYvo0F\" rel=\"noopener\">Llu\u00efsa Paredes<\/a><span>\u00a0e\u00a0<\/span><a href=\"https:\/\/mic.pt\/dispatcher?where=1&amp;what=2&amp;show=0&amp;interprete_id=443&amp;lang=PT\" target=\"_blank\" data-saferedirecturl=\"https:\/\/www.google.com\/url?q=https:\/\/mic.pt\/dispatcher?where%3D1%26what%3D2%26show%3D0%26interprete_id%3D443%26lang%3DPT&amp;source=gmail&amp;ust=1778233870171000&amp;usg=AOvVaw3yPEW4EqFqK9HXn2NhN0TU\" rel=\"noopener\">Pedro do Carmo<\/a><span>, inspirado por uma ideia do violoncelista Paulo Gaio Lima.<\/span><br \/>\n<span>A publica\u00e7\u00e3o re\u00fane onze arranjos de can\u00e7\u00f5es de Jos\u00e9 Afonso, escolhidas de per\u00edodos contrastantes da sua vida \u2013 do fado \u00e0 integra\u00e7\u00e3o de texturas africanas, passando por linguagens de improvisa\u00e7\u00e3o e experimenta\u00e7\u00e3o. Cada arranjo assume o formato de\u00a0<\/span><em>Estudo Musical<\/em><span>, explorando no violoncelo diferentes dimens\u00f5es expressivas e art\u00edsticas presentes na obra de Jos\u00e9 Afonso. <\/span><span>A publica\u00e7\u00e3o prop\u00f5e uma abordagem \u00e0 m\u00fasica do cantautor partindo de valores que o meio cl\u00e1ssico pode reconhecer e integrar: a forma como transformou a identidade musical portuguesa, cruzando ra\u00edzes regionais e influ\u00eancias africanas; a sua vertente experimental e vanguardista, sempre colocada ao servi\u00e7o da expressividade; a for\u00e7a \u00e9tica e po\u00e9tica de uma obra nascida em contexto de censura e resist\u00eancia; e a riqueza liter\u00e1ria das suas letras, refletida na rela\u00e7\u00e3o entre palavra, voz e sonoridade. Estes elementos evidenciam uma complexidade musical e est\u00e9tica que justifica o seu estudo em contextos formativos e acad\u00e9micos. <\/span><span>Mais do que uma homenagem, esta edi\u00e7\u00e3o \u00e9 um instrumento pedag\u00f3gico e interpretativo, onde textos, notas de performance e recursos digitais ampliam a compreens\u00e3o e a experi\u00eancia musical de cada can\u00e7\u00e3o de Zeca. O projeto articula tradi\u00e7\u00e3o e consci\u00eancia hist\u00f3rica com experimenta\u00e7\u00e3o e pr\u00e1tica contempor\u00e2nea, aproximando o legado de Jos\u00e9 Afonso do contexto violoncel\u00edstico atual e incorporando, nesse processo, a heran\u00e7a pedag\u00f3gica de Paulo Gaio Lima.<\/span><\/p>\n<p><strong>A obra pode ser descarregada de forma gratuita<a href=\"https:\/\/mic.pt\/dispatcher?where=3&amp;what=2&amp;show=0&amp;edicao_id=11735&amp;lang=PT\"> AQUI<\/a>.\u00a0<\/strong><\/p>\n","protected":false},"featured_media":47018,"template":"","meta":[],"product_cat":[62],"product_tag":[],"_links":{"self":[{"href":"https:\/\/aja.pt\/en\/wp-json\/wp\/v2\/product\/47017"}],"collection":[{"href":"https:\/\/aja.pt\/en\/wp-json\/wp\/v2\/product"}],"about":[{"href":"https:\/\/aja.pt\/en\/wp-json\/wp\/v2\/types\/product"}],"wp:featuredmedia":[{"embeddable":true,"href":"https:\/\/aja.pt\/en\/wp-json\/wp\/v2\/media\/47018"}],"wp:attachment":[{"href":"https:\/\/aja.pt\/en\/wp-json\/wp\/v2\/media?parent=47017"}],"wp:term":[{"taxonomy":"product_cat","embeddable":true,"href":"https:\/\/aja.pt\/en\/wp-json\/wp\/v2\/product_cat?post=47017"},{"taxonomy":"product_tag","embeddable":true,"href":"https:\/\/aja.pt\/en\/wp-json\/wp\/v2\/product_tag?post=47017"}],"curies":[{"name":"wp","href":"https:\/\/api.w.org\/{rel}","templated":true}]}}