{"id":46445,"date":"2025-04-04T15:47:01","date_gmt":"2025-04-04T15:47:01","guid":{"rendered":"https:\/\/aja.pt\/?post_type=product&#038;p=46445"},"modified":"2025-04-16T12:26:35","modified_gmt":"2025-04-16T12:26:35","slug":"jose-mario-branco-entrevistas","status":"publish","type":"product","link":"https:\/\/aja.pt\/en\/produto\/jose-mario-branco-entrevistas\/","title":{"rendered":"Jos\u00e9 M\u00e1rio Branco &#8211; Entrevistas para a imprensa (1970-2019)"},"content":{"rendered":"<p><span>O artista n\u00e3o \u00e9 o autor do futuro, \u00e9 um resultado do futuro.\u00bb \u2014 Jos\u00e9 M\u00e1rio Branco<\/span><\/p>\n<p><span>Reunindo 119 entrevistas para a imprensa, esta obra torna acess\u00edvel a invulgar dimens\u00e3o autorreflexiva de Jos\u00e9 M\u00e1rio Branco ao longo de 49 dos mais de 50 anos de atividade musical.<\/span><\/p>\n<p><span>Nestas conversas, aqui organizadas cronologicamente (1970-2019), percorrem-se v\u00e1rios temas essenciais no percurso de um dos mais destacados m\u00fasicos e compositores de Portugal: desde quest\u00f5es mais especificamente musicais, como as transforma\u00e7\u00f5es estil\u00edsticas dos repert\u00f3rios musicais, o universo da grava\u00e7\u00e3o fonogr\u00e1fica e a reflex\u00e3o sobre as fun\u00e7\u00f5es sociais da can\u00e7\u00e3o, a outras mais abrangentes, como a atividade pol\u00edtica, os sucessos e os fracassos das v\u00e1rias esquerdas, os v\u00e1rios obst\u00e1culos ao longo do percurso e o enveredar por outras \u00e1reas art\u00edsticas, com destaque para o teatro e o cinema.<\/span><\/p>\n","protected":false},"excerpt":{"rendered":"<p><span>Reunindo 119 entrevistas para a imprensa, esta obra torna acess\u00edvel a invulgar dimens\u00e3o autorreflexiva de Jos\u00e9 M\u00e1rio Branco&#8230;<\/span><\/p>\n","protected":false},"featured_media":46446,"template":"","meta":[],"product_cat":[62],"product_tag":[],"_links":{"self":[{"href":"https:\/\/aja.pt\/en\/wp-json\/wp\/v2\/product\/46445"}],"collection":[{"href":"https:\/\/aja.pt\/en\/wp-json\/wp\/v2\/product"}],"about":[{"href":"https:\/\/aja.pt\/en\/wp-json\/wp\/v2\/types\/product"}],"wp:featuredmedia":[{"embeddable":true,"href":"https:\/\/aja.pt\/en\/wp-json\/wp\/v2\/media\/46446"}],"wp:attachment":[{"href":"https:\/\/aja.pt\/en\/wp-json\/wp\/v2\/media?parent=46445"}],"wp:term":[{"taxonomy":"product_cat","embeddable":true,"href":"https:\/\/aja.pt\/en\/wp-json\/wp\/v2\/product_cat?post=46445"},{"taxonomy":"product_tag","embeddable":true,"href":"https:\/\/aja.pt\/en\/wp-json\/wp\/v2\/product_tag?post=46445"}],"curies":[{"name":"wp","href":"https:\/\/api.w.org\/{rel}","templated":true}]}}