{"id":45450,"date":"2024-08-06T16:02:05","date_gmt":"2024-08-06T16:02:05","guid":{"rendered":"https:\/\/aja.pt\/?post_type=product&#038;p=45450"},"modified":"2024-08-06T16:09:51","modified_gmt":"2024-08-06T16:09:51","slug":"a-senha-secreta","status":"publish","type":"product","link":"https:\/\/aja.pt\/en\/produto\/a-senha-secreta\/","title":{"rendered":"A senha secreta"},"content":{"rendered":"<p>E se uma can\u00e7\u00e3o proibida entrasse tripetrepe num est\u00fadio de r\u00e1dio e alterasse o rumo dos acontecimentos?<br \/>\nSem antever ainda que mudan\u00e7as ocorrer\u00e3o, \u00e9 exatamente isso que, numa noite de grandes movimenta\u00e7\u00f5es de fardas verdes, a can\u00e7\u00e3o far\u00e1. A mesma, ainda imberbe, sente-se reconfortada quando percebe que n\u00e3o estar\u00e1 sozinha e que o seu papel \u00e9 fundamental nesta Opera\u00e7\u00e3o de M\u00e1ximo Sigilo.<br \/>\nA senha secreta conta-nos um pouco dessa hist\u00f3ria e de como a galhardia de muita gente permitiu que nos dias de hoje possamos ouvir o que quisermos. Ah, e tem factos verdadeiros, ocorr\u00eancias inventadas e situa\u00e7\u00f5es assim-assim.<\/p>\n","protected":false},"excerpt":{"rendered":"<p>E se uma can\u00e7\u00e3o proibida entrasse tripetrepe num est\u00fadio de r\u00e1dio e alterasse o rumo dos acontecimentos?<\/p>\n","protected":false},"featured_media":45451,"template":"","meta":[],"product_cat":[62],"product_tag":[],"_links":{"self":[{"href":"https:\/\/aja.pt\/en\/wp-json\/wp\/v2\/product\/45450"}],"collection":[{"href":"https:\/\/aja.pt\/en\/wp-json\/wp\/v2\/product"}],"about":[{"href":"https:\/\/aja.pt\/en\/wp-json\/wp\/v2\/types\/product"}],"wp:featuredmedia":[{"embeddable":true,"href":"https:\/\/aja.pt\/en\/wp-json\/wp\/v2\/media\/45451"}],"wp:attachment":[{"href":"https:\/\/aja.pt\/en\/wp-json\/wp\/v2\/media?parent=45450"}],"wp:term":[{"taxonomy":"product_cat","embeddable":true,"href":"https:\/\/aja.pt\/en\/wp-json\/wp\/v2\/product_cat?post=45450"},{"taxonomy":"product_tag","embeddable":true,"href":"https:\/\/aja.pt\/en\/wp-json\/wp\/v2\/product_tag?post=45450"}],"curies":[{"name":"wp","href":"https:\/\/api.w.org\/{rel}","templated":true}]}}