{"id":45423,"date":"2024-07-25T16:54:25","date_gmt":"2024-07-25T16:54:25","guid":{"rendered":"https:\/\/aja.pt\/?post_type=product&#038;p=45423"},"modified":"2024-08-06T15:53:57","modified_gmt":"2024-08-06T15:53:57","slug":"as-palavras-chave","status":"publish","type":"product","link":"https:\/\/aja.pt\/en\/produto\/as-palavras-chave\/","title":{"rendered":"As palavras-chave das can\u00e7\u00f5es de Jos\u00e9 Afonso"},"content":{"rendered":"<p><span>Este estudo procura encontrar as palavras-chave que Jos\u00e9 Afonso usou nas suas can\u00e7\u00f5es, os voc\u00e1bulos que ele mais utilizou nas suas letras: substantivos (comuns ou pr\u00f3prios), adjetivos, verbos. Embora tenha usado muitas das palavras em sentido ir\u00f3nico, sarc\u00e1stico, metaf\u00f3rico, aleg\u00f3rico, isso n\u00e3o constituiu um obst\u00e1culo \u00e0 sua contabiliza\u00e7\u00e3o. Identificaram-se 166 can\u00e7\u00f5es, dentre os principais discos que gravou: 95 de letra sua, 34 de outros autores, 25 populares \/ tradicionais e 12 adaptadas ou de parceria entre as tr\u00eas origens anteriores.<\/span><br \/>\n<span>Se algumas das palavras mais frequentes da poesia do Zeca por ele interpretada n\u00e3o constituem surpresa para quem conhece a sua obra, outras revelaram-se insond\u00e1veis, pela sua inesper\u00e1vel pouca utiliza\u00e7\u00e3o ou, pelo contr\u00e1rio, pela revela\u00e7\u00e3o da importante frequ\u00eancia com que aparece nas suas can\u00e7\u00f5es. As palavras-chave das can\u00e7\u00f5es de Jos\u00e9 Afonso perscrutam o seu vocabul\u00e1rio desde a primeira palavra da primeira can\u00e7\u00e3o com letra da sua autoria \u00e0 \u00faltima palavra da \u00faltima can\u00e7\u00e3o com letra da sua autoria.<\/span><\/p>\n","protected":false},"excerpt":{"rendered":"<p><span>Este estudo procura encontrar as palavras-chave que Jos\u00e9 Afonso usou nas suas can\u00e7\u00f5es, os voc\u00e1bulos que ele mais utilizou nas suas letras&#8230;<\/span><\/p>\n","protected":false},"featured_media":45421,"template":"","meta":[],"product_cat":[62],"product_tag":[],"_links":{"self":[{"href":"https:\/\/aja.pt\/en\/wp-json\/wp\/v2\/product\/45423"}],"collection":[{"href":"https:\/\/aja.pt\/en\/wp-json\/wp\/v2\/product"}],"about":[{"href":"https:\/\/aja.pt\/en\/wp-json\/wp\/v2\/types\/product"}],"wp:featuredmedia":[{"embeddable":true,"href":"https:\/\/aja.pt\/en\/wp-json\/wp\/v2\/media\/45421"}],"wp:attachment":[{"href":"https:\/\/aja.pt\/en\/wp-json\/wp\/v2\/media?parent=45423"}],"wp:term":[{"taxonomy":"product_cat","embeddable":true,"href":"https:\/\/aja.pt\/en\/wp-json\/wp\/v2\/product_cat?post=45423"},{"taxonomy":"product_tag","embeddable":true,"href":"https:\/\/aja.pt\/en\/wp-json\/wp\/v2\/product_tag?post=45423"}],"curies":[{"name":"wp","href":"https:\/\/api.w.org\/{rel}","templated":true}]}}