{"id":43546,"date":"2024-01-19T18:14:05","date_gmt":"2024-01-19T18:14:05","guid":{"rendered":"https:\/\/aja.pt\/?post_type=product&#038;p=43546"},"modified":"2024-01-23T15:13:24","modified_gmt":"2024-01-23T15:13:24","slug":"lp-fados-de-coimbra-e-outras-cancoes-copia","status":"publish","type":"product","link":"https:\/\/aja.pt\/en\/produto\/lp-fados-de-coimbra-e-outras-cancoes-copia\/","title":{"rendered":"LP Fados de Coimbra e outras can\u00e7\u00f5es"},"content":{"rendered":"<p><strong><a href=\"https:\/\/aja.pt\/discografia\/fados-de-coimbra-e-outras-cancoes-1981\/\" target=\"_blank\" rel=\"noopener\">Conhe\u00e7a este disco na p\u00e1gina dedicada da discografia.<\/a><\/strong><\/p>\n<p>\u00c9 bonito quando um c\u00edrculo se completa: Jos\u00e9 Afonso come\u00e7a no fado de Coimbra nos anos 50, reinventa a m\u00fasica tradicional portuguesa &#8220;desfadizando-se&#8221; e regressa \u00e0 nascente no comovente Fados de Coimbra e Outras Can\u00e7\u00f5es. Nos anos 60, Zeca associara o fado de Coimbra ao regime bolorento de ent\u00e3o. Volvidas duas d\u00e9cadas, e tendo tanta \u00e1gua corrido por debaixo da ponte, pode finalmente fazer as pazes com o seu querido fado de Coimbra, que nunca teve qualquer culpa afinal. \u00c9 o pr\u00f3prio Zeca que reconhece o \u00f3bvio: &#8220;o fado de Coimbra n\u00e3o \u00e9 de esquerda, n\u00e3o \u00e9 de direita, \u00e9 um patrim\u00f3nio cultural.&#8221;<br \/>\n&#8211; Ricardo Romano, Altamont<\/p>\n","protected":false},"excerpt":{"rendered":"<p><strong><a href=\"https:\/\/aja.pt\/discografia\/fados-de-coimbra-e-outras-cancoes-1981\/\" target=\"_blank\" rel=\"noopener\">Conhe\u00e7a este disco na p\u00e1gina dedicada da discografia.<\/a><\/strong><\/p>\n<p>\u00c9 bonito quando um c\u00edrculo se completa: Jos\u00e9 Afonso come\u00e7a no fado de Coimbra nos anos 50, reinventa a m\u00fasica tradicional portuguesa &#8220;desfadizando-se&#8221; e regressa \u00e0 nascente no comovente Fados de Coimbra e Outras Can\u00e7\u00f5es.<\/p>\n","protected":false},"featured_media":43515,"template":"","meta":[],"product_cat":[69],"product_tag":[],"_links":{"self":[{"href":"https:\/\/aja.pt\/en\/wp-json\/wp\/v2\/product\/43546"}],"collection":[{"href":"https:\/\/aja.pt\/en\/wp-json\/wp\/v2\/product"}],"about":[{"href":"https:\/\/aja.pt\/en\/wp-json\/wp\/v2\/types\/product"}],"wp:featuredmedia":[{"embeddable":true,"href":"https:\/\/aja.pt\/en\/wp-json\/wp\/v2\/media\/43515"}],"wp:attachment":[{"href":"https:\/\/aja.pt\/en\/wp-json\/wp\/v2\/media?parent=43546"}],"wp:term":[{"taxonomy":"product_cat","embeddable":true,"href":"https:\/\/aja.pt\/en\/wp-json\/wp\/v2\/product_cat?post=43546"},{"taxonomy":"product_tag","embeddable":true,"href":"https:\/\/aja.pt\/en\/wp-json\/wp\/v2\/product_tag?post=43546"}],"curies":[{"name":"wp","href":"https:\/\/api.w.org\/{rel}","templated":true}]}}