{"id":43541,"date":"2024-01-19T18:06:27","date_gmt":"2024-01-19T18:06:27","guid":{"rendered":"https:\/\/aja.pt\/?post_type=product&#038;p=43541"},"modified":"2026-01-19T16:11:24","modified_gmt":"2026-01-19T16:11:24","slug":"lp-venham-mais-cinco-copia","status":"publish","type":"product","link":"https:\/\/aja.pt\/en\/produto\/lp-venham-mais-cinco-copia\/","title":{"rendered":"LP Venham mais cinco"},"content":{"rendered":"<p><strong><a href=\"https:\/\/aja.pt\/discografia\/venham-mais-cinco-1973\/\" target=\"_blank\" rel=\"noopener\">Conhe\u00e7a este disco na p\u00e1gina dedicada da discografia.<\/a><\/strong><\/p>\n<p>O disco mais arrojado de Jos\u00e9 Afonso foi o \u00faltimo editado durante a ditadura. Trouxe uma revolu\u00e7\u00e3o na sec\u00e7\u00e3o r\u00edtmica e aperfei\u00e7oou tudo o que o m\u00fasico tinha fundado anteriormente. Desde 1969, em Contos Velhos, Rumos Novos, que experimentava com ritmos africanos, registo que aprofundou em Traz Outro Amigo Tamb\u00e9m e que relegou para segundo plano em Cantigas do Maio, onde ressurgiram os ritmos mais tradicionais portugueses. Mas a inova\u00e7\u00e3o r\u00edtmica do disco de 1973 deixou para tr\u00e1s tudo o que se tinha feito a esse n\u00edvel em Portugal.<br \/>\n\u201cRio Largo de Profundis\u201d come\u00e7a com uma cantiga em ritmo popular, mas passados os primeiros 68 segundos de can\u00e7\u00e3o entra um dueto de guitarra e violino, seguido de bombo, baixo, palmas e vida que fazem corar de vergonha at\u00e9 a maravilhosa \u201cCarvalhesa\u201d. A energia do instrumental, a letra, a entrega! Tudo \u00e9 explos\u00e3o, tudo \u00e9 dan\u00e7a, tudo \u00e9 vida, tudo \u00e9 perfei\u00e7\u00e3o, tudo \u00e9 Zeca. E tudo isto \u00e9 apenas o in\u00edcio de Venham Mais Cinco.<\/p>\n","protected":false},"excerpt":{"rendered":"<p><strong><a href=\"https:\/\/aja.pt\/discografia\/venham-mais-cinco-1973\/\" target=\"_blank\" rel=\"noopener\">Conhe\u00e7a este disco na p\u00e1gina dedicada da discografia.<\/a><\/strong><\/p>\n<p><spanO disco mais arrojado de Jos\u00e9 Afonso foi o \u00faltimo editado durante a ditadura. Trouxe uma revolu\u00e7\u00e3o na sec\u00e7\u00e3o r\u00edtmica e aperfei\u00e7oou tudo o que o m\u00fasico tinha fundado anteriormente.<\/span><\/p>\n","protected":false},"featured_media":43521,"template":"","meta":[],"product_cat":[69],"product_tag":[],"_links":{"self":[{"href":"https:\/\/aja.pt\/en\/wp-json\/wp\/v2\/product\/43541"}],"collection":[{"href":"https:\/\/aja.pt\/en\/wp-json\/wp\/v2\/product"}],"about":[{"href":"https:\/\/aja.pt\/en\/wp-json\/wp\/v2\/types\/product"}],"wp:featuredmedia":[{"embeddable":true,"href":"https:\/\/aja.pt\/en\/wp-json\/wp\/v2\/media\/43521"}],"wp:attachment":[{"href":"https:\/\/aja.pt\/en\/wp-json\/wp\/v2\/media?parent=43541"}],"wp:term":[{"taxonomy":"product_cat","embeddable":true,"href":"https:\/\/aja.pt\/en\/wp-json\/wp\/v2\/product_cat?post=43541"},{"taxonomy":"product_tag","embeddable":true,"href":"https:\/\/aja.pt\/en\/wp-json\/wp\/v2\/product_tag?post=43541"}],"curies":[{"name":"wp","href":"https:\/\/api.w.org\/{rel}","templated":true}]}}