{"id":43539,"date":"2024-01-19T18:03:56","date_gmt":"2024-01-19T18:03:56","guid":{"rendered":"https:\/\/aja.pt\/?post_type=product&#038;p=43539"},"modified":"2026-01-19T16:11:02","modified_gmt":"2026-01-19T16:11:02","slug":"lp-cantigas-do-maio-copia","status":"publish","type":"product","link":"https:\/\/aja.pt\/en\/produto\/lp-cantigas-do-maio-copia\/","title":{"rendered":"LP Cantigas do Maio"},"content":{"rendered":"<p><strong><a href=\"https:\/\/aja.pt\/discografia\/cantigas-do-maio-1971\/\" target=\"_blank\" rel=\"noopener\">Conhe\u00e7a este disco na p\u00e1gina dedicada da discografia.<\/a><\/strong><\/p>\n<p>Gravado em Fran\u00e7a na segunda quinzena de Outubro de 1971, o disco apontado por v\u00e1rios especialistas como \u201cmelhor \u00e1lbum da m\u00fasica portuguesa de todos os tempos\u201d \u00e9 um ponto alto na carreira do artista, m\u00fasico, cantor e poeta Jos\u00e9 Afonso.<br \/>\nUm disco verdadeiramente inovador, \u201cCantigas do Maio\u201d eleva o cruzamento de v\u00e1rias tradi\u00e7\u00f5es etnomusicol\u00f3gicas que Jos\u00e9 Afonso teria come\u00e7ado a explorar em 1968 com \u201cCantares do Andarilho\u201d, adicionando um elenco mais vasto de m\u00fasicos e instrumentos de v\u00e1rias ra\u00edzes, como a darbuka, o bongo berbere, as tumbas, o adufe, o tamborim brasileiro, a guimbarda, apitos de fole, e o pr\u00f3prio corpo: os passos no areal imortalizados em \u201cGrandola, Vila Morena\u201d, senha de confirma\u00e7\u00e3o radiof\u00f3nica da pr\u00f3pria revolu\u00e7\u00e3o de 25 de Abril de 1974. Afirmar \u201cCantigas do Maio\u201d como o melhor disco da m\u00fasica portuguesa soa a pouco: trata-se de um dos melhores discos de todos os tempos, no patamar internacional, com mais uma capa emblem\u00e1tica da autoria de Jos\u00e9 Santa-B\u00e1rbara.<\/p>\n","protected":false},"excerpt":{"rendered":"<p><strong><a href=\"https:\/\/aja.pt\/discografia\/cantigas-do-maio-1971\/\" target=\"_blank\" rel=\"noopener\">Conhe\u00e7a este disco na p\u00e1gina dedicada da discografia.<\/a><\/strong><\/p>\n<p><span>Gravado em Fran\u00e7a na segunda quinzena de Outubro de 1971, o disco apontado por v\u00e1rios especialistas como \u201cmelhor \u00e1lbum da m\u00fasica portuguesa de todos os tempos\u201d&#8230;<\/span><\/p>\n","protected":false},"featured_media":43525,"template":"","meta":[],"product_cat":[69],"product_tag":[],"_links":{"self":[{"href":"https:\/\/aja.pt\/en\/wp-json\/wp\/v2\/product\/43539"}],"collection":[{"href":"https:\/\/aja.pt\/en\/wp-json\/wp\/v2\/product"}],"about":[{"href":"https:\/\/aja.pt\/en\/wp-json\/wp\/v2\/types\/product"}],"wp:featuredmedia":[{"embeddable":true,"href":"https:\/\/aja.pt\/en\/wp-json\/wp\/v2\/media\/43525"}],"wp:attachment":[{"href":"https:\/\/aja.pt\/en\/wp-json\/wp\/v2\/media?parent=43539"}],"wp:term":[{"taxonomy":"product_cat","embeddable":true,"href":"https:\/\/aja.pt\/en\/wp-json\/wp\/v2\/product_cat?post=43539"},{"taxonomy":"product_tag","embeddable":true,"href":"https:\/\/aja.pt\/en\/wp-json\/wp\/v2\/product_tag?post=43539"}],"curies":[{"name":"wp","href":"https:\/\/api.w.org\/{rel}","templated":true}]}}