{"id":43538,"date":"2024-01-19T18:02:12","date_gmt":"2024-01-19T18:02:12","guid":{"rendered":"https:\/\/aja.pt\/?post_type=product&#038;p=43538"},"modified":"2024-01-19T18:42:00","modified_gmt":"2024-01-19T18:42:00","slug":"lp-traz-outro-amigo-tambem-copia","status":"publish","type":"product","link":"https:\/\/aja.pt\/en\/produto\/lp-traz-outro-amigo-tambem-copia\/","title":{"rendered":"LP Traz outro amigo tamb\u00e9m"},"content":{"rendered":"<p><strong><a href=\"https:\/\/aja.pt\/discografia\/traz-outro-amigo-tambem-1970\/\" target=\"_blank\" rel=\"noopener\">Conhe\u00e7a este disco na p\u00e1gina dedicada da discografia.<\/a><\/strong><\/p>\n<p><span>\u201cTrova antiga purificada, folclore limpo de excresc\u00eancias,balada de combate em que a justi\u00e7a vai de bandeira. (\u2026) O mais aut\u00eantico trovador do povo portugu\u00eas (\u2026) ningu\u00e9m melhor que Jos\u00e9 Afonso transmite os seus desesperos e raivas, as suas aspira\u00e7\u00f5es de amor, de paz, de justi\u00e7a, de verdade.\u201d<br \/>\n&#8211; Bernardo Santareno <\/span><\/p>\n<p>\u201cAs onze faixas foram gravadas sem sacrif\u00edcios em v\u00e1rias sess\u00f5es diurnas, ao longo de duas semanas ponteadas por passeios pela grande capital que parecia, ent\u00e3o, t\u00e3o diferente do nosso meio natal. (\u2026) A abund\u00e2ncia de meios t\u00e9cnicos, superiores aos que conhec\u00edamos, foi inspiradora. Pude sobrepor v\u00e1rias faixas de guitarra, obtendo efeitos orquestrais (\u2026) interessantes\u201d.<br \/>\n&#8211; Carlos Correia (B\u00f3ris)<\/p>\n","protected":false},"excerpt":{"rendered":"<p><strong><a href=\"https:\/\/aja.pt\/discografia\/traz-outro-amigo-tambem-1970\/\" target=\"_blank\" rel=\"noopener\">Conhe\u00e7a este disco na p\u00e1gina dedicada da discografia.<\/a><\/strong><\/p>\n<p><span>\u201cAs onze faixas foram gravadas sem sacrif\u00edcios em v\u00e1rias sess\u00f5es diurnas, ao longo de duas semanas ponteadas por passeios pela grande capital que parecia, ent\u00e3o, t\u00e3o diferente do nosso meio natal.&#8221; (\u2026) <\/span><\/p>\n","protected":false},"featured_media":43519,"template":"","meta":[],"product_cat":[69],"product_tag":[],"_links":{"self":[{"href":"https:\/\/aja.pt\/en\/wp-json\/wp\/v2\/product\/43538"}],"collection":[{"href":"https:\/\/aja.pt\/en\/wp-json\/wp\/v2\/product"}],"about":[{"href":"https:\/\/aja.pt\/en\/wp-json\/wp\/v2\/types\/product"}],"wp:featuredmedia":[{"embeddable":true,"href":"https:\/\/aja.pt\/en\/wp-json\/wp\/v2\/media\/43519"}],"wp:attachment":[{"href":"https:\/\/aja.pt\/en\/wp-json\/wp\/v2\/media?parent=43538"}],"wp:term":[{"taxonomy":"product_cat","embeddable":true,"href":"https:\/\/aja.pt\/en\/wp-json\/wp\/v2\/product_cat?post=43538"},{"taxonomy":"product_tag","embeddable":true,"href":"https:\/\/aja.pt\/en\/wp-json\/wp\/v2\/product_tag?post=43538"}],"curies":[{"name":"wp","href":"https:\/\/api.w.org\/{rel}","templated":true}]}}