{"id":43512,"date":"2024-01-19T17:36:25","date_gmt":"2024-01-19T17:36:25","guid":{"rendered":"https:\/\/aja.pt\/?post_type=product&#038;p=43512"},"modified":"2024-01-19T18:32:02","modified_gmt":"2024-01-19T18:32:02","slug":"cd-fura-fura","status":"publish","type":"product","link":"https:\/\/aja.pt\/en\/produto\/cd-fura-fura\/","title":{"rendered":"CD Fura fura"},"content":{"rendered":"<p><strong><a href=\"https:\/\/aja.pt\/discografia\/fura-fura\/\" target=\"_blank\" rel=\"noopener\">Conhe\u00e7a este disco na p\u00e1gina dedicada da discografia.<\/a><\/strong><\/p>\n<p>Incluem-se, aqui, os temas que Zeca escreveu para a pe\u00e7a \u00abZ\u00e9 do Telhado\u00bb, do Grupo de Teatro \u00abA Barraca\u00bb, e duas can\u00e7\u00f5es escritas para a \u00abGuerra do Alecrim e Manjerona\u00bb, da \u00abComuna\u00bb. Com arranjos distribu\u00eddos por J\u00falio Pereira, Trovante e Jos\u00e9 Afonso, este \u00e1lbum marca o regresso do cantor a algumas formas de express\u00e3o utilizadas nos seus primeiros \u00e1lbuns, enriquecidas, no entanto, por toda a experi\u00eancia adquirida, humana e artisticamente.<br \/>\n&#8211; Viriato Teles<\/p>\n","protected":false},"excerpt":{"rendered":"<p><strong><a href=\"https:\/\/aja.pt\/discografia\/fura-fura\/\" target=\"_blank\" rel=\"noopener\">Conhe\u00e7a este disco na p\u00e1gina dedicada da discografia.<\/a><\/strong><\/p>\n<p>Com arranjos distribu\u00eddos por J\u00falio Pereira, Trovante e Jos\u00e9 Afonso, este \u00e1lbum marca o regresso do cantor a algumas formas de express\u00e3o utilizadas nos seus primeiros \u00e1lbuns, enriquecidas, no entanto, por toda a experi\u00eancia adquirida, humana e artisticamente.<\/p>\n","protected":false},"featured_media":43498,"template":"","meta":[],"product_cat":[69],"product_tag":[],"_links":{"self":[{"href":"https:\/\/aja.pt\/en\/wp-json\/wp\/v2\/product\/43512"}],"collection":[{"href":"https:\/\/aja.pt\/en\/wp-json\/wp\/v2\/product"}],"about":[{"href":"https:\/\/aja.pt\/en\/wp-json\/wp\/v2\/types\/product"}],"wp:featuredmedia":[{"embeddable":true,"href":"https:\/\/aja.pt\/en\/wp-json\/wp\/v2\/media\/43498"}],"wp:attachment":[{"href":"https:\/\/aja.pt\/en\/wp-json\/wp\/v2\/media?parent=43512"}],"wp:term":[{"taxonomy":"product_cat","embeddable":true,"href":"https:\/\/aja.pt\/en\/wp-json\/wp\/v2\/product_cat?post=43512"},{"taxonomy":"product_tag","embeddable":true,"href":"https:\/\/aja.pt\/en\/wp-json\/wp\/v2\/product_tag?post=43512"}],"curies":[{"name":"wp","href":"https:\/\/api.w.org\/{rel}","templated":true}]}}