{"id":43511,"date":"2024-01-19T17:32:44","date_gmt":"2024-01-19T17:32:44","guid":{"rendered":"https:\/\/aja.pt\/?post_type=product&#038;p=43511"},"modified":"2024-01-19T18:30:22","modified_gmt":"2024-01-19T18:30:22","slug":"cd-enquanto-ha-forca","status":"publish","type":"product","link":"https:\/\/aja.pt\/en\/produto\/cd-enquanto-ha-forca\/","title":{"rendered":"CD Enquanto h\u00e1 for\u00e7a"},"content":{"rendered":"<p><strong><a href=\"https:\/\/aja.pt\/discografia\/enquanto-ha-forca-1978\/\" target=\"_blank\" rel=\"noopener\">Conhe\u00e7a este disco na p\u00e1gina dedicada da discografia.<\/a><\/strong><\/p>\n<p>A opress\u00e3o do forte sobre o fraco em A excep\u00e7\u00e3o e a Regra; O poder corrupto em Gerras do Alecrim e Manjerona; A justi\u00e7a social revolucion\u00e1ria em Z\u00e9 do Telhado; A utopia igualit\u00e1ria em Barracas Ocupa\u00e7\u00e3o. Temas t\u00e3o atuais no Portugal do final da d\u00e9cada de 70 como no de hoje, t\u00e3o universais ent\u00e3o como agora. Doze m\u00fasicas feitas por Jos\u00e9 Afonso para aquelas quatro pe\u00e7as de teatro, doze tiros certeiros no porta-avi\u00f5es desigual, deprimido e desiludido que havia emergido das utopias do 25 de Abril. Doze dos 24 bel\u00edssimos temas inclu\u00eddos nos \u00e1lbuns Enquanto H\u00e1 For\u00e7a (1978) e Fura Fura (1979), que v\u00eam de novo a luz a 26 de Maio, em vers\u00e3o superiormente remasterizada e agora finalmente dispon\u00edvel nos tr\u00eas formatos pelo selo Mais 5.<br \/>\nMais uma (re)descoberta \u2013 em dose dupla &#8211; da vision\u00e1ria constru\u00e7\u00e3o da m\u00fasica popular portuguesa que Jos\u00e9 Afonso nos ofereceu e continua a oferecer. Porque \u2018se h\u00e1 um camarada \u00e0 tua espera, n\u00e3o faltes ao encontro, s\u00ea constante.\u2019<\/p>\n","protected":false},"excerpt":{"rendered":"<p><strong><a href=\"https:\/\/aja.pt\/discografia\/enquanto-ha-forca-1978\/\" target=\"_blank\" rel=\"noopener\">Conhe\u00e7a este disco na p\u00e1gina dedicada da discografia.<\/a><\/strong><\/p>\n<p>Temas t\u00e3o atuais no Portugal do final da d\u00e9cada de 70 como no de hoje, t\u00e3o universais ent\u00e3o como agora.<\/p>\n","protected":false},"featured_media":43492,"template":"","meta":[],"product_cat":[69],"product_tag":[],"_links":{"self":[{"href":"https:\/\/aja.pt\/en\/wp-json\/wp\/v2\/product\/43511"}],"collection":[{"href":"https:\/\/aja.pt\/en\/wp-json\/wp\/v2\/product"}],"about":[{"href":"https:\/\/aja.pt\/en\/wp-json\/wp\/v2\/types\/product"}],"wp:featuredmedia":[{"embeddable":true,"href":"https:\/\/aja.pt\/en\/wp-json\/wp\/v2\/media\/43492"}],"wp:attachment":[{"href":"https:\/\/aja.pt\/en\/wp-json\/wp\/v2\/media?parent=43511"}],"wp:term":[{"taxonomy":"product_cat","embeddable":true,"href":"https:\/\/aja.pt\/en\/wp-json\/wp\/v2\/product_cat?post=43511"},{"taxonomy":"product_tag","embeddable":true,"href":"https:\/\/aja.pt\/en\/wp-json\/wp\/v2\/product_tag?post=43511"}],"curies":[{"name":"wp","href":"https:\/\/api.w.org\/{rel}","templated":true}]}}