{"id":43510,"date":"2024-01-19T17:28:23","date_gmt":"2024-01-19T17:28:23","guid":{"rendered":"https:\/\/aja.pt\/?post_type=product&#038;p=43510"},"modified":"2024-01-19T18:29:26","modified_gmt":"2024-01-19T18:29:26","slug":"cd-com-as-minhas-tamanquinhas","status":"publish","type":"product","link":"https:\/\/aja.pt\/en\/produto\/cd-com-as-minhas-tamanquinhas\/","title":{"rendered":"CD Com as minhas tamanquinhas"},"content":{"rendered":"<p><strong><a href=\"https:\/\/aja.pt\/discografia\/com-as-minhas-tamanquinhas-1976\/\" target=\"_blank\" rel=\"noopener\">Conhe\u00e7a este disco na p\u00e1gina dedicada da discografia.<\/a><\/strong><\/p>\n<p>Jos\u00e9 Afonso dizia, num misto de provoca\u00e7\u00e3o e de grande coer\u00eancia, ser este o seu melhor disco. Gravado em 1976, reflecte as viv\u00eancias \u00edmpares \u00abdesse per\u00edodo maravilhoso que foi o PREC\u00bb, as lutas das pequenas comunidades, as situa\u00e7\u00f5es \u00fanicas e inesquec\u00edveis da \u00e9poca a que, no discurso politicamente correcto dominante, se chama gon\u00e7alvista. Disco comprometido e datado \u00e9, no entanto, um trabalho capaz de sobreviver \u00e0s situa\u00e7\u00f5es que lhe deram origem.<br \/>\n&#8211; Viriato Teles<\/p>\n","protected":false},"excerpt":{"rendered":"<p><strong><a href=\"https:\/\/aja.pt\/discografia\/com-as-minhas-tamanquinhas-1976\/\" target=\"_blank\" rel=\"noopener\">Conhe\u00e7a este disco na p\u00e1gina dedicada da discografia.<\/a><\/strong><\/p>\n<p>Jos\u00e9 Afonso dizia, num misto de provoca\u00e7\u00e3o e de grande coer\u00eancia, ser este o seu melhor disco. Gravado em 1976, reflecte as viv\u00eancias \u00edmpares \u00abdesse per\u00edodo maravilhoso que foi o PREC\u00bb, as lutas das pequenas comunidades, as situa\u00e7\u00f5es \u00fanicas e inesquec\u00edveis da \u00e9poca&#8230;<\/p>\n","protected":false},"featured_media":43486,"template":"","meta":[],"product_cat":[69],"product_tag":[],"_links":{"self":[{"href":"https:\/\/aja.pt\/en\/wp-json\/wp\/v2\/product\/43510"}],"collection":[{"href":"https:\/\/aja.pt\/en\/wp-json\/wp\/v2\/product"}],"about":[{"href":"https:\/\/aja.pt\/en\/wp-json\/wp\/v2\/types\/product"}],"wp:featuredmedia":[{"embeddable":true,"href":"https:\/\/aja.pt\/en\/wp-json\/wp\/v2\/media\/43486"}],"wp:attachment":[{"href":"https:\/\/aja.pt\/en\/wp-json\/wp\/v2\/media?parent=43510"}],"wp:term":[{"taxonomy":"product_cat","embeddable":true,"href":"https:\/\/aja.pt\/en\/wp-json\/wp\/v2\/product_cat?post=43510"},{"taxonomy":"product_tag","embeddable":true,"href":"https:\/\/aja.pt\/en\/wp-json\/wp\/v2\/product_tag?post=43510"}],"curies":[{"name":"wp","href":"https:\/\/api.w.org\/{rel}","templated":true}]}}