{"id":43509,"date":"2024-01-19T17:24:43","date_gmt":"2024-01-19T17:24:43","guid":{"rendered":"https:\/\/aja.pt\/?post_type=product&#038;p=43509"},"modified":"2024-01-19T18:28:34","modified_gmt":"2024-01-19T18:28:34","slug":"cd-coro-dos-tribunais","status":"publish","type":"product","link":"https:\/\/aja.pt\/en\/produto\/cd-coro-dos-tribunais\/","title":{"rendered":"CD Coro dos tribunais"},"content":{"rendered":"<p><strong><a href=\"https:\/\/aja.pt\/discografia\/coro-dos-tribunais-1974\/\" target=\"_blank\" rel=\"noopener\">Conhe\u00e7a este disco na p\u00e1gina dedicada da discografia.<\/a><\/strong><\/p>\n<p>Primeiro disco de Jos\u00e9 Afonso gravado e editado p\u00f3s-25 de Abril, &#8220;Coro dos Tribunais&#8221; \u00e9 um disco verdadeiramente intemporal, mais uma tour-de-force que demonstra claramente que a experimenta\u00e7\u00e3o musical, a abordagem crossover entre Portugal e \u00c1frica, bem como as tem\u00e1ticas l\u00edricas de interven\u00e7\u00e3o e humanismo a que Jos\u00e9 Afonso j\u00e1 nos tinha habituado.<br \/>\nGravado em Londres com Fausto Bordalo Dias, Vitorino, Carlos Alberto Moniz, Adriano Correia de Oliveira, Jos\u00e9 Niza, Y\u00f3rio Gon\u00e7alves e Michel Delaporte, o disco \u00e9 composto inteiramente por temas escritos pr\u00e9-25 de Abril, como se Jos\u00e9 Afonso n\u00e3o tivesse sentido necessidade de comentar os eventos presentes mas sim de continuar, sempre de forma intemporal, a aguardar um futuro melhor.<br \/>\nQuase 50 anos depois, o disco \u00e9 mais relevante que nunca e continua a demonstrar precisamente essa genial intemporalidade, que o torna mais actual que nunca.<\/p>\n","protected":false},"excerpt":{"rendered":"<p><strong><a href=\"https:\/\/aja.pt\/discografia\/coro-dos-tribunais-1974\/\" target=\"_blank\" rel=\"noopener\">Conhe\u00e7a este disco na p\u00e1gina dedicada da discografia.<\/a><\/strong><\/p>\n<p>Primeiro disco de Jos\u00e9 Afonso gravado e editado p\u00f3s-25 de Abril, &#8220;Coro dos Tribunais&#8221; \u00e9 um disco verdadeiramente intemporal, mais uma tour-de-force que demonstra claramente que a experimenta\u00e7\u00e3o musical&#8230;<\/p>\n","protected":false},"featured_media":43490,"template":"","meta":[],"product_cat":[69],"product_tag":[],"_links":{"self":[{"href":"https:\/\/aja.pt\/en\/wp-json\/wp\/v2\/product\/43509"}],"collection":[{"href":"https:\/\/aja.pt\/en\/wp-json\/wp\/v2\/product"}],"about":[{"href":"https:\/\/aja.pt\/en\/wp-json\/wp\/v2\/types\/product"}],"wp:featuredmedia":[{"embeddable":true,"href":"https:\/\/aja.pt\/en\/wp-json\/wp\/v2\/media\/43490"}],"wp:attachment":[{"href":"https:\/\/aja.pt\/en\/wp-json\/wp\/v2\/media?parent=43509"}],"wp:term":[{"taxonomy":"product_cat","embeddable":true,"href":"https:\/\/aja.pt\/en\/wp-json\/wp\/v2\/product_cat?post=43509"},{"taxonomy":"product_tag","embeddable":true,"href":"https:\/\/aja.pt\/en\/wp-json\/wp\/v2\/product_tag?post=43509"}],"curies":[{"name":"wp","href":"https:\/\/api.w.org\/{rel}","templated":true}]}}