{"id":43504,"date":"2024-01-19T17:00:50","date_gmt":"2024-01-19T17:00:50","guid":{"rendered":"https:\/\/aja.pt\/?post_type=product&#038;p=43504"},"modified":"2024-01-19T18:21:30","modified_gmt":"2024-01-19T18:21:30","slug":"cd-contos-velhos-rumos-novos","status":"publish","type":"product","link":"https:\/\/aja.pt\/en\/produto\/cd-contos-velhos-rumos-novos\/","title":{"rendered":"CD Contos velhos, rumos novos"},"content":{"rendered":"<p><strong><a href=\"https:\/\/aja.pt\/discografia\/contos-velhos-rumos-novos-1969\/\" target=\"_blank\" rel=\"noopener\">Conhe\u00e7a este disco na p\u00e1gina dedicada da discografia.<\/a><\/strong><\/p>\n<p><span>O retrato fonogr\u00e1fico mais r\u00fastico de Jos\u00e9 Afonso. O artista em plena metamorfose, usando tanto a fonte da tradi\u00e7\u00e3o oral quanto poetas medievais e contempor\u00e2neos, da calma dos campos \u00e0 mais complexa exist\u00eancia urbana e, claro, a inovadora den\u00fancia da opress\u00e3o do regime e da submiss\u00e3o colonial, tudo para cumprir com a miss\u00e3o anunciada: encontrar novos rumos para a m\u00fasica popular Portuguesa. \u00c1lbum precursor de muitos outros que vieram mais tarde actualizar as tradi\u00e7\u00f5es musicais lusitanas, Contos Velhos Rumos Novos \u00e9 um acordar para a m\u00fasica de Jos\u00e9 Afonso antes dela ter chegado \u00e0 sua alvorada \u2013 o movimento impar\u00e1vel retratado no comboio da capa de Jos\u00e9 Santa-B\u00e1rbara. Todos a bordo!<\/span><\/p>\n","protected":false},"excerpt":{"rendered":"<p><strong><a href=\"https:\/\/aja.pt\/discografia\/contos-velhos-rumos-novos-1969\/\" target=\"_blank\" rel=\"noopener\">Conhe\u00e7a este disco na p\u00e1gina dedicada da discografia.<\/a><\/strong><\/p>\n<p><span>O retrato fonogr\u00e1fico mais r\u00fastico de Jos\u00e9 Afonso. O artista em plena metamorfose, usando tanto a fonte da tradi\u00e7\u00e3o oral quanto poetas medievais e contempor\u00e2neos&#8230;<\/span><\/p>\n","protected":false},"featured_media":43488,"template":"","meta":[],"product_cat":[69],"product_tag":[],"_links":{"self":[{"href":"https:\/\/aja.pt\/en\/wp-json\/wp\/v2\/product\/43504"}],"collection":[{"href":"https:\/\/aja.pt\/en\/wp-json\/wp\/v2\/product"}],"about":[{"href":"https:\/\/aja.pt\/en\/wp-json\/wp\/v2\/types\/product"}],"wp:featuredmedia":[{"embeddable":true,"href":"https:\/\/aja.pt\/en\/wp-json\/wp\/v2\/media\/43488"}],"wp:attachment":[{"href":"https:\/\/aja.pt\/en\/wp-json\/wp\/v2\/media?parent=43504"}],"wp:term":[{"taxonomy":"product_cat","embeddable":true,"href":"https:\/\/aja.pt\/en\/wp-json\/wp\/v2\/product_cat?post=43504"},{"taxonomy":"product_tag","embeddable":true,"href":"https:\/\/aja.pt\/en\/wp-json\/wp\/v2\/product_tag?post=43504"}],"curies":[{"name":"wp","href":"https:\/\/api.w.org\/{rel}","templated":true}]}}