{"id":43481,"date":"2024-01-19T16:53:28","date_gmt":"2024-01-19T16:53:28","guid":{"rendered":"https:\/\/aja.pt\/?post_type=product&#038;p=43481"},"modified":"2024-01-19T19:28:49","modified_gmt":"2024-01-19T19:28:49","slug":"cd-cantares-do-andarilho-2","status":"publish","type":"product","link":"https:\/\/aja.pt\/en\/produto\/cd-cantares-do-andarilho-2\/","title":{"rendered":"CD Cantares do andarilho"},"content":{"rendered":"<p><strong><a href=\"https:\/\/aja.pt\/discografia\/cantares-do-andarilho-1968\/\" target=\"_blank\" rel=\"noopener\">Conhe\u00e7a este disco na p\u00e1gina dedicada da discografia.<\/a><\/strong><\/p>\n<p><span>Gravado ao vivo em est\u00fadio em 1968, num s\u00f3 dia e com dois ou tr\u00eas ensaios por m\u00fasica, Cantares do Andarilho inicia um novo ciclo editorial para Jos\u00e9 Afonso.<\/span><br \/>\n<span>Cruzando a sua poesia e pensamentos inovadores com temas populares das Beiras, dos A\u00e7ores, e at\u00e9 uma letra de Cam\u00f5es, esta obra hist\u00f3rica inspira-se num folk com ra\u00edzes na m\u00fasica tradicional portuguesa mas que trilhava j\u00e1 caminhos musicalmente revolucion\u00e1rios.<\/span><br \/>\n<span>Primeiro \u00e1lbum a ser editado pela +5, Cantares do Andarilho convida ouvintes de todas as idades, em Portugal e no estrangeiro, \u00e0 re-descoberta da grande obra musical de Jos\u00e9 Afonso.<\/span><\/p>\n","protected":false},"excerpt":{"rendered":"<p><strong><a href=\"https:\/\/aja.pt\/discografia\/cantares-do-andarilho-1968\/\" target=\"_blank\" rel=\"noopener\">Conhe\u00e7a este disco na p\u00e1gina dedicada da discografia.<\/a><\/strong><\/p>\n<p><span>Gravado ao vivo em est\u00fadio em 1968, num s\u00f3 dia e com dois ou tr\u00eas ensaios por m\u00fasica, Cantares do Andarilho inicia um novo ciclo editorial para Jos\u00e9 Afonso.<\/span><\/p>\n","protected":false},"featured_media":43482,"template":"","meta":[],"product_cat":[69],"product_tag":[],"_links":{"self":[{"href":"https:\/\/aja.pt\/en\/wp-json\/wp\/v2\/product\/43481"}],"collection":[{"href":"https:\/\/aja.pt\/en\/wp-json\/wp\/v2\/product"}],"about":[{"href":"https:\/\/aja.pt\/en\/wp-json\/wp\/v2\/types\/product"}],"wp:featuredmedia":[{"embeddable":true,"href":"https:\/\/aja.pt\/en\/wp-json\/wp\/v2\/media\/43482"}],"wp:attachment":[{"href":"https:\/\/aja.pt\/en\/wp-json\/wp\/v2\/media?parent=43481"}],"wp:term":[{"taxonomy":"product_cat","embeddable":true,"href":"https:\/\/aja.pt\/en\/wp-json\/wp\/v2\/product_cat?post=43481"},{"taxonomy":"product_tag","embeddable":true,"href":"https:\/\/aja.pt\/en\/wp-json\/wp\/v2\/product_tag?post=43481"}],"curies":[{"name":"wp","href":"https:\/\/api.w.org\/{rel}","templated":true}]}}