{"id":42487,"date":"2023-02-03T18:13:45","date_gmt":"2023-02-03T18:13:45","guid":{"rendered":"https:\/\/aja.pt\/?post_type=product&#038;p=42487"},"modified":"2023-07-12T12:28:21","modified_gmt":"2023-07-12T12:28:21","slug":"zeca-afonso-tocado-por-miudos","status":"publish","type":"product","link":"https:\/\/aja.pt\/en\/produto\/zeca-afonso-tocado-por-miudos\/","title":{"rendered":"Zeca Afonso tocado por mi\u00fados"},"content":{"rendered":"<p>Este trabalho resulta de uma parceria do Conservat\u00f3rio Regional de Set\u00fabal e da Associa\u00e7\u00e3o Jos\u00e9 Afonso.<\/p>\n<p>A cria\u00e7\u00e3o po\u00e9tica e a genialidade musical de Jos\u00e9 Afonso t\u00eam despertado e estimulado ouvintes apaixonados e admiradores incondicionais que atravessam gera\u00e7\u00f5es. Estas condi\u00e7\u00f5es repercutem-se e expandem-se em todos os que, sendo do mesmo of\u00edcio, lidam de perto com a arte do Zeca e sentem o apelo quase m\u00e1gico de a estudarem, interpretarem e divulgarem mantendo-a viva e intemporal. \u00c9 pois com muito gosto, honra e carinho que a Associa\u00e7\u00e3o Jos\u00e9 Afonso (AJA) acolheu este projecto encabe\u00e7ado pelo Conservat\u00f3rio Regional de Set\u00fabal e, mais do que isso, se tornou parceira do mesmo, pelo seu valor inquestion\u00e1vel ao serem envolvidas novas gera\u00e7\u00f5es que ser\u00e3o aquelas que ir\u00e3o preservar e defender as mensagens po\u00e9ticas e a qualidade musical da obra de Jos\u00e9 Afonso, n\u00e3o s\u00f3 como ouvintes mas, em especial, por se tornarem interpretes e consequentemente divulgadores privilegiados.<\/p>\n<p><strong>T\u00e9cnico de som:<\/strong> Jo\u00e3o Hora<br \/>\n<strong>Orquestra\u00e7\u00f5es:<\/strong> Prof. Jorge Moniz<br \/>\n<strong>Maestro:<\/strong> Prof. Raul Avel\u00e3s<\/p>\n","protected":false},"excerpt":{"rendered":"<p>A cria\u00e7\u00e3o po\u00e9tica e a genialidade musical de Jos\u00e9 Afonso t\u00eam despertado e estimulado ouvintes apaixonados e admiradores incondicionais que atravessam gera\u00e7\u00f5es. <\/p>\n","protected":false},"featured_media":42560,"template":"","meta":[],"product_cat":[69],"product_tag":[],"_links":{"self":[{"href":"https:\/\/aja.pt\/en\/wp-json\/wp\/v2\/product\/42487"}],"collection":[{"href":"https:\/\/aja.pt\/en\/wp-json\/wp\/v2\/product"}],"about":[{"href":"https:\/\/aja.pt\/en\/wp-json\/wp\/v2\/types\/product"}],"wp:featuredmedia":[{"embeddable":true,"href":"https:\/\/aja.pt\/en\/wp-json\/wp\/v2\/media\/42560"}],"wp:attachment":[{"href":"https:\/\/aja.pt\/en\/wp-json\/wp\/v2\/media?parent=42487"}],"wp:term":[{"taxonomy":"product_cat","embeddable":true,"href":"https:\/\/aja.pt\/en\/wp-json\/wp\/v2\/product_cat?post=42487"},{"taxonomy":"product_tag","embeddable":true,"href":"https:\/\/aja.pt\/en\/wp-json\/wp\/v2\/product_tag?post=42487"}],"curies":[{"name":"wp","href":"https:\/\/api.w.org\/{rel}","templated":true}]}}