{"id":41490,"date":"2022-11-23T12:36:34","date_gmt":"2022-11-23T12:36:34","guid":{"rendered":"https:\/\/aja.pt\/?post_type=product&#038;p=41490"},"modified":"2022-11-23T12:40:50","modified_gmt":"2022-11-23T12:40:50","slug":"o-ultimo-dos-colonos-entre-um-e-outro-mar","status":"publish","type":"product","link":"https:\/\/aja.pt\/en\/produto\/o-ultimo-dos-colonos-entre-um-e-outro-mar\/","title":{"rendered":"O \u00faltimo dos colonos: Entre um e outro mar"},"content":{"rendered":"<p><span>Mem\u00f3rias de inf\u00e2ncia e adolesc\u00eancia, retrato de uma fam\u00edlia mas tamb\u00e9m de uma sociedade: a ditadura, o regime colonial e a ilus\u00f3ria eternidade de tudo isso, inscrita no catecismo oficial e nos costumes de ent\u00e3o. A dada altura, a fam\u00edlia divide-se entre Portugal e Timor. C\u00e1, em Portugal, para onde o autor e o irm\u00e3o, Zeca Afonso, depois de uma inf\u00e2ncia africana, se mudam, ainda crian\u00e7as; l\u00e1, em Timor, aonde aportam os pais e a irm\u00e3 Mariazinha no mesmo dia em que deflagra a guerra, que rapidamente arrebatar\u00e1 a ilha no seu v\u00f3rtice.<\/span><br \/>\n<span>Ao contr\u00e1rio do que anunciou ao tempo a propaganda oficial, a neutralidade portuguesa na II Guerra Mundial n\u00e3o foi respeitada. Portugal entrou na guerra, com Timor-Leste ocupado pela for\u00e7a das armas, com \u00f3rg\u00e3os de soberania e administra\u00e7\u00e3o suprimidos, com popula\u00e7\u00f5es martirizadas, assassinadas ou encarceradas, com patrim\u00f3nio p\u00fablico ou privado esbulhado ou destru\u00eddo.<\/span><br \/>\n<span>At\u00e9 que a grande cat\u00e1strofe chegou ao fim e o percurso familiar se restabeleceu na conjun\u00e7\u00e3o feliz dos seus membros<\/span><\/p>\n","protected":false},"excerpt":{"rendered":"<p><span>Mem\u00f3rias de inf\u00e2ncia e adolesc\u00eancia, retrato de uma fam\u00edlia mas tamb\u00e9m de uma sociedade: a ditadura, o regime colonial e a ilus\u00f3ria eternidade de tudo isso<\/span><\/p>\n","protected":false},"featured_media":41493,"template":"","meta":[],"product_cat":[62],"product_tag":[],"_links":{"self":[{"href":"https:\/\/aja.pt\/en\/wp-json\/wp\/v2\/product\/41490"}],"collection":[{"href":"https:\/\/aja.pt\/en\/wp-json\/wp\/v2\/product"}],"about":[{"href":"https:\/\/aja.pt\/en\/wp-json\/wp\/v2\/types\/product"}],"wp:featuredmedia":[{"embeddable":true,"href":"https:\/\/aja.pt\/en\/wp-json\/wp\/v2\/media\/41493"}],"wp:attachment":[{"href":"https:\/\/aja.pt\/en\/wp-json\/wp\/v2\/media?parent=41490"}],"wp:term":[{"taxonomy":"product_cat","embeddable":true,"href":"https:\/\/aja.pt\/en\/wp-json\/wp\/v2\/product_cat?post=41490"},{"taxonomy":"product_tag","embeddable":true,"href":"https:\/\/aja.pt\/en\/wp-json\/wp\/v2\/product_tag?post=41490"}],"curies":[{"name":"wp","href":"https:\/\/api.w.org\/{rel}","templated":true}]}}