{"id":39805,"date":"2022-10-24T18:01:21","date_gmt":"2022-10-24T18:01:21","guid":{"rendered":"https:\/\/aja.pt\/?post_type=product&#038;p=39805"},"modified":"2023-07-12T12:28:40","modified_gmt":"2023-07-12T12:28:40","slug":"jose-afonso-em-terras-de-tras-os-montes","status":"publish","type":"product","link":"https:\/\/aja.pt\/en\/produto\/jose-afonso-em-terras-de-tras-os-montes\/","title":{"rendered":"Jos\u00e9 Afonso em Terras de Tr\u00e1s-os-Montes"},"content":{"rendered":"<p>Livro onde o music\u00f3logo M\u00e1rio Correia escreve sobre a passagem de Jos\u00e9 Afonso por Tr\u00e1s-os-Montes durante as <a href=\"https:\/\/aja.pt\/em-terras-de-tras-os-montes\/\" rel=\"noopener\" target=\"_blank\">campanhas de dinamiza\u00e7\u00e3o cultural<\/a>, que decorreram em Maio\/Junho de 1975 e que daria origem ao tema &#8220;Em Terras de Tr\u00e1s-os-Montes&#8221;, integrado no LP &#8220;Com as minhas tamanquinhas&#8221;, de 1976<\/p>\n","protected":false},"excerpt":{"rendered":"<p>Livro onde o music\u00f3logo M\u00e1rio Correia escreve sobre a passagem de Jos\u00e9 Afonso por Tr\u00e1s-os-Montes&#8230;<\/p>\n","protected":false},"featured_media":39775,"template":"","meta":[],"product_cat":[62],"product_tag":[],"_links":{"self":[{"href":"https:\/\/aja.pt\/en\/wp-json\/wp\/v2\/product\/39805"}],"collection":[{"href":"https:\/\/aja.pt\/en\/wp-json\/wp\/v2\/product"}],"about":[{"href":"https:\/\/aja.pt\/en\/wp-json\/wp\/v2\/types\/product"}],"wp:featuredmedia":[{"embeddable":true,"href":"https:\/\/aja.pt\/en\/wp-json\/wp\/v2\/media\/39775"}],"wp:attachment":[{"href":"https:\/\/aja.pt\/en\/wp-json\/wp\/v2\/media?parent=39805"}],"wp:term":[{"taxonomy":"product_cat","embeddable":true,"href":"https:\/\/aja.pt\/en\/wp-json\/wp\/v2\/product_cat?post=39805"},{"taxonomy":"product_tag","embeddable":true,"href":"https:\/\/aja.pt\/en\/wp-json\/wp\/v2\/product_tag?post=39805"}],"curies":[{"name":"wp","href":"https:\/\/api.w.org\/{rel}","templated":true}]}}