{"id":38783,"date":"2022-04-27T17:03:05","date_gmt":"2022-04-27T17:03:05","guid":{"rendered":"https:\/\/aja.pt\/?post_type=product&#038;p=38783"},"modified":"2024-02-20T17:48:25","modified_gmt":"2024-02-20T17:48:25","slug":"o-homem-da-gaita","status":"publish","type":"product","link":"https:\/\/aja.pt\/en\/produto\/o-homem-da-gaita\/","title":{"rendered":"O homem da gaita"},"content":{"rendered":"<p>Vai de folia! Vai de folia! Numa terra cinzenta e sem alegria, onde cada um vive mergulhado nas suas preocupa\u00e7\u00f5es, um homem tem o cond\u00e3o de p\u00f4r toda a gente a dan\u00e7ar. &#8220;O homem da gaita&#8221;, can\u00e7\u00e3o que faz parte do \u00e1lbum &#8220;Com as minhas tamanquinhas&#8221;, editado em 1976, \u00e9 a vers\u00e3o criada por Zeca Afonso para contar esta hist\u00f3ria tradicional portuguesa. Jos\u00e9 Afonso pegou nesta hist\u00f3ria e recriou-a, \u00e0 sua maneira, em forma de poema\/letra de can\u00e7\u00e3o. Aqui, m\u00fasica e palavras funcionam como um todo, acrescentando conte\u00fado, imagens e sensa\u00e7\u00f5es. A sua simplicidade faz-nos viajar e sonhar com outras hist\u00f3rias, de aldeias perdidas no tempo onde homens e bichos convivem paredes meias, e os mist\u00e9rios se revelam nas coisas mais simples.<\/p>\n<p>Um conto popular, da tradi\u00e7\u00e3o oral portuguesa, publicado com diferentes t\u00edtulos e por v\u00e1rios autores ao longo do tempo, que mostra como a alegria contagiante da m\u00fasica pode ser um percursor de mudan\u00e7a na sociedade, animando, comovendo e aproximando.<\/p>\n<p><a href=\"https:\/\/www.youtube.com\/watch?v=74CQUVtXA08\" target=\"_blank\" rel=\"noopener\">VER O V\u00cdDEO<\/a><\/p>\n","protected":false},"excerpt":{"rendered":"<p>&#8220;O homem da gaita&#8221;, can\u00e7\u00e3o que faz parte do \u00e1lbum &#8220;Com as minhas tamanquinhas&#8221; editado em 1976, \u00e9 a vers\u00e3o criada por Zeca Afonso para contar esta hist\u00f3ria tradicional portuguesa.<\/p>\n","protected":false},"featured_media":38785,"template":"","meta":[],"product_cat":[62],"product_tag":[],"_links":{"self":[{"href":"https:\/\/aja.pt\/en\/wp-json\/wp\/v2\/product\/38783"}],"collection":[{"href":"https:\/\/aja.pt\/en\/wp-json\/wp\/v2\/product"}],"about":[{"href":"https:\/\/aja.pt\/en\/wp-json\/wp\/v2\/types\/product"}],"wp:featuredmedia":[{"embeddable":true,"href":"https:\/\/aja.pt\/en\/wp-json\/wp\/v2\/media\/38785"}],"wp:attachment":[{"href":"https:\/\/aja.pt\/en\/wp-json\/wp\/v2\/media?parent=38783"}],"wp:term":[{"taxonomy":"product_cat","embeddable":true,"href":"https:\/\/aja.pt\/en\/wp-json\/wp\/v2\/product_cat?post=38783"},{"taxonomy":"product_tag","embeddable":true,"href":"https:\/\/aja.pt\/en\/wp-json\/wp\/v2\/product_tag?post=38783"}],"curies":[{"name":"wp","href":"https:\/\/api.w.org\/{rel}","templated":true}]}}