{"id":38047,"date":"2022-03-02T17:16:04","date_gmt":"2022-03-02T17:16:04","guid":{"rendered":"https:\/\/aja.pt\/?post_type=product&#038;p=38047"},"modified":"2022-03-02T17:34:51","modified_gmt":"2022-03-02T17:34:51","slug":"carta-a-zeca-afonso","status":"publish","type":"product","link":"https:\/\/aja.pt\/en\/produto\/carta-a-zeca-afonso\/","title":{"rendered":"Carta a Zeca Afonso"},"content":{"rendered":"<p><span>Juntam-se neste livro textos po\u00e9ticos escritos em \u00e9pocas diferentes que t\u00eam como refer\u00eancias directas pessoas, lugares, lembran\u00e7as e emo\u00e7\u00f5es que nos remetem para a mem\u00f3ria do 25 de Abril. Alguns desses textos, como \u00e9 o caso de\u00a0<\/span><i>Carta a Zeca Afonso<\/i><span>, dado \u00e0 estampa pela primeira vez em 1999, foram publicados em livro. Outros permaneceram in\u00e9ditos e surgem agora nesta recolha pessoal que agrupa aquilo que quis resgatar ao esquecimento no ano em que o 25 de Abril cumpre o seu 40\u00ba anivers\u00e1rio, num pa\u00eds atormentado por uma crise profunda da qual ainda ningu\u00e9m sabe como e quando ir\u00e1 sair.<\/span><\/p>\n","protected":false},"excerpt":{"rendered":"<p><span>Juntam-se neste livro textos po\u00e9ticos escritos em \u00e9pocas diferentes que t\u00eam como refer\u00eancias directas pessoas, lugares, lembran\u00e7as e emo\u00e7\u00f5es que nos remetem para a mem\u00f3ria do 25 de Abril. <\/span><\/p>\n","protected":false},"featured_media":38069,"template":"","meta":[],"product_cat":[62],"product_tag":[],"_links":{"self":[{"href":"https:\/\/aja.pt\/en\/wp-json\/wp\/v2\/product\/38047"}],"collection":[{"href":"https:\/\/aja.pt\/en\/wp-json\/wp\/v2\/product"}],"about":[{"href":"https:\/\/aja.pt\/en\/wp-json\/wp\/v2\/types\/product"}],"wp:featuredmedia":[{"embeddable":true,"href":"https:\/\/aja.pt\/en\/wp-json\/wp\/v2\/media\/38069"}],"wp:attachment":[{"href":"https:\/\/aja.pt\/en\/wp-json\/wp\/v2\/media?parent=38047"}],"wp:term":[{"taxonomy":"product_cat","embeddable":true,"href":"https:\/\/aja.pt\/en\/wp-json\/wp\/v2\/product_cat?post=38047"},{"taxonomy":"product_tag","embeddable":true,"href":"https:\/\/aja.pt\/en\/wp-json\/wp\/v2\/product_tag?post=38047"}],"curies":[{"name":"wp","href":"https:\/\/api.w.org\/{rel}","templated":true}]}}