{"id":37470,"date":"2022-02-27T15:45:31","date_gmt":"2022-02-27T15:45:31","guid":{"rendered":"https:\/\/aja.pt\/?post_type=product&#038;p=37470"},"modified":"2022-12-08T20:41:50","modified_gmt":"2022-12-08T20:41:50","slug":"zeca-afonso-o-que-faz-falta","status":"publish","type":"product","link":"https:\/\/aja.pt\/en\/produto\/zeca-afonso-o-que-faz-falta\/","title":{"rendered":"Zeca Afonso: O que faz falta"},"content":{"rendered":"<p><span>Porque \u00e9 urgente preservar a mem\u00f3ria de um dos maiores criadores e int\u00e9rpretes da m\u00fasica popular portuguesa, Jos\u00e9 Jorge Letria, um dos companheiros do cantor antes do 25 de Abril, fala-nos da vida e obra de Zeca Afonso. E, como num dos temas que todos conhecemos, \u00abtraz outro(s) amigo(s) tamb\u00e9m\u00bb: diversos m\u00fasicos e amigos juntam os seus depoimentos a este livro, contando hist\u00f3rias curiosas, divertidas e memor\u00e1veis.<\/span><\/p>\n","protected":false},"excerpt":{"rendered":"<p><span>Porque \u00e9 urgente preservar a mem\u00f3ria de um dos maiores criadores e int\u00e9rpretes da m\u00fasica popular portuguesa, Jos\u00e9 Jorge Letria, um dos companheiros do cantor antes do 25 de Abril, fala-nos da vida e obra de Zeca Afonso&#8230;<\/span><\/p>\n","protected":false},"featured_media":42173,"template":"","meta":[],"product_cat":[62],"product_tag":[],"_links":{"self":[{"href":"https:\/\/aja.pt\/en\/wp-json\/wp\/v2\/product\/37470"}],"collection":[{"href":"https:\/\/aja.pt\/en\/wp-json\/wp\/v2\/product"}],"about":[{"href":"https:\/\/aja.pt\/en\/wp-json\/wp\/v2\/types\/product"}],"wp:featuredmedia":[{"embeddable":true,"href":"https:\/\/aja.pt\/en\/wp-json\/wp\/v2\/media\/42173"}],"wp:attachment":[{"href":"https:\/\/aja.pt\/en\/wp-json\/wp\/v2\/media?parent=37470"}],"wp:term":[{"taxonomy":"product_cat","embeddable":true,"href":"https:\/\/aja.pt\/en\/wp-json\/wp\/v2\/product_cat?post=37470"},{"taxonomy":"product_tag","embeddable":true,"href":"https:\/\/aja.pt\/en\/wp-json\/wp\/v2\/product_tag?post=37470"}],"curies":[{"name":"wp","href":"https:\/\/api.w.org\/{rel}","templated":true}]}}