{"id":37072,"date":"2022-02-26T22:37:45","date_gmt":"2022-02-26T22:37:45","guid":{"rendered":"https:\/\/aja.pt\/?post_type=product&#038;p=37072"},"modified":"2024-01-23T15:19:13","modified_gmt":"2024-01-23T15:19:13","slug":"cd-baladas-e-cancoes","status":"publish","type":"product","link":"https:\/\/aja.pt\/en\/produto\/cd-baladas-e-cancoes\/","title":{"rendered":"CD Baladas e can\u00e7\u00f5es"},"content":{"rendered":"<p><strong><a href=\"https:\/\/aja.pt\/discografia\/baladas-e-cancoes-1964\/\" target=\"_blank\" rel=\"noopener\">Conhe\u00e7a este disco na p\u00e1gina dedicada da discografia.<\/a><\/strong><\/p>\n<p>&#8220;Em 67, a Discoteca Santo Ant\u00f3nio edita um disco de longa dura\u00e7\u00e3o com doze temas. Nasce assim o primeiro 33 rota\u00e7\u00f5es de Zeca Afonso, coisa que hoje pode parecer irrelevante, mas que, h\u00e1 quase tr\u00eas d\u00e9cadas, representava uma verdadeira fa\u00e7anha para qualquer artista de carreira. S\u00f3 que Jos\u00e9 Afonso, j\u00e1 ent\u00e3o com 38 anos, n\u00e3o queria ser um artista, e muito menos de carreira. Isso mesmo, ali\u00e1s, se percebia j\u00e1 nas suas can\u00e7\u00f5es, ent\u00e3o marcadas por uma generosa pedagogia de liberta\u00e7\u00e3o \u2013 e \u00e9 bom n\u00e3o esquecer que v\u00e1rias das suas cantigas deste tempo foram criadas como um instrumento do seu trabalho lectivo. Apesar disso, por\u00e9m, conseguem ser de uma intemporalidade que nos leva, hoje, a escut\u00e1-las com o prazer que s\u00f3 as grandes obras proporcionam. E \u00e9 isso que faz desta reedi\u00e7\u00e3o, mais do que um acontecimento hist\u00f3rico, um acontecimento cultural.&#8221; <span style=\"color: #f31717;\"><a href=\"https:\/\/www.viriatoteles.net\/dispersos\/colaboracoes\/152-cantigas-de-antes-do-maio.html\" target=\"_blank\" style=\"color: #f31717;\" rel=\"noopener\">Ler mais.<\/a><\/span><\/p>\n","protected":false},"excerpt":{"rendered":"<p><strong><a href=\"https:\/\/aja.pt\/discografia\/baladas-e-cancoes-1964\/\" target=\"_blank\" rel=\"noopener\">Conhe\u00e7a este disco na p\u00e1gina dedicada da discografia.<\/a><\/strong><\/p>\n<p>&#8220;Em 1967, a Discoteca Santo Ant\u00f3nio editou um disco de longa dura\u00e7\u00e3o com doze temas. Nasceu assim o primeiro 33 rota\u00e7\u00f5es de Zeca Afonso, coisa que hoje pode parecer irrelevante, mas que, h\u00e1 quase tr\u00eas d\u00e9cadas, representava uma verdadeira fa\u00e7anha para qualquer artista de carreira&#8230;&#8221;<\/p>\n<p>&nbsp;<\/p>\n","protected":false},"featured_media":37065,"template":"","meta":[],"product_cat":[69],"product_tag":[],"_links":{"self":[{"href":"https:\/\/aja.pt\/en\/wp-json\/wp\/v2\/product\/37072"}],"collection":[{"href":"https:\/\/aja.pt\/en\/wp-json\/wp\/v2\/product"}],"about":[{"href":"https:\/\/aja.pt\/en\/wp-json\/wp\/v2\/types\/product"}],"wp:featuredmedia":[{"embeddable":true,"href":"https:\/\/aja.pt\/en\/wp-json\/wp\/v2\/media\/37065"}],"wp:attachment":[{"href":"https:\/\/aja.pt\/en\/wp-json\/wp\/v2\/media?parent=37072"}],"wp:term":[{"taxonomy":"product_cat","embeddable":true,"href":"https:\/\/aja.pt\/en\/wp-json\/wp\/v2\/product_cat?post=37072"},{"taxonomy":"product_tag","embeddable":true,"href":"https:\/\/aja.pt\/en\/wp-json\/wp\/v2\/product_tag?post=37072"}],"curies":[{"name":"wp","href":"https:\/\/api.w.org\/{rel}","templated":true}]}}