{"id":37059,"date":"2022-02-26T19:51:52","date_gmt":"2022-02-26T19:51:52","guid":{"rendered":"https:\/\/aja.pt\/?post_type=product&#038;p=37059"},"modified":"2022-02-27T01:52:56","modified_gmt":"2022-02-27T01:52:56","slug":"cantores-de-abril","status":"publish","type":"product","link":"https:\/\/aja.pt\/en\/produto\/cantores-de-abril\/","title":{"rendered":"Cantores de Abril"},"content":{"rendered":"<p><span>&#8220;A Poesia e a M\u00fasica foram a chama que alimentou a esperan\u00e7a na liberdade, despertou consci\u00eancias contra a guerra colonial e minou a ditadura Salazarista. O livro \u201cCantores de Abril\u201d de Eduardo M. Raposo, presta homenagem aos Poetas e Cantores que fizeram os Cravos florir em Abril, mas tamb\u00e9m a todos os homens e mulheres que participaram voluntariosamente neste movimento que tanto contribuiu para a Revolu\u00e7\u00e3o de 1974 \u2013 dirigentes estudantis, jornalistas, cr\u00edticos, editores de r\u00e1dio e de televis\u00e3o. A sua ousadia foi paga muitas vezes com a pris\u00e3o e quantas com a tortura, mas nada os demoveu e mantiveram a chama acesa at\u00e9 \u00e0s \u201cportas que Abril abriu\u201d. Este movimento cultural deu um novo rumo \u00e0 nossa hist\u00f3ria recente e em tempos de crise de valores \u00e9ticos e de injusti\u00e7as sociais que nos fazem lembrar tempos de antigamente, apetece voltar \u00e0s can\u00e7\u00f5es do Zeca Afonso e do Adriano Correia de Oliveira.&#8221;<br \/>\nFernando M\u00e3o de Ferro<\/span><\/p>\n<p>&nbsp;<\/p>\n","protected":false},"excerpt":{"rendered":"<p><span>&#8220;Contra a censura, contra a Pide, contra a repress\u00e3o, contra a guerra, n\u00e3o t\u00ednhamos outras armas: t\u00ednhamos a poesia, a can\u00e7\u00e3o, a guitarra. E foram elas que, de certo modo, na madrugada do 25 de Abril, floriram tamb\u00e9m nas armas libertadoras.&#8221;<br \/>\nManuel Alegre<\/span><\/p>\n","protected":false},"featured_media":37060,"template":"","meta":[],"product_cat":[62],"product_tag":[],"_links":{"self":[{"href":"https:\/\/aja.pt\/en\/wp-json\/wp\/v2\/product\/37059"}],"collection":[{"href":"https:\/\/aja.pt\/en\/wp-json\/wp\/v2\/product"}],"about":[{"href":"https:\/\/aja.pt\/en\/wp-json\/wp\/v2\/types\/product"}],"wp:featuredmedia":[{"embeddable":true,"href":"https:\/\/aja.pt\/en\/wp-json\/wp\/v2\/media\/37060"}],"wp:attachment":[{"href":"https:\/\/aja.pt\/en\/wp-json\/wp\/v2\/media?parent=37059"}],"wp:term":[{"taxonomy":"product_cat","embeddable":true,"href":"https:\/\/aja.pt\/en\/wp-json\/wp\/v2\/product_cat?post=37059"},{"taxonomy":"product_tag","embeddable":true,"href":"https:\/\/aja.pt\/en\/wp-json\/wp\/v2\/product_tag?post=37059"}],"curies":[{"name":"wp","href":"https:\/\/api.w.org\/{rel}","templated":true}]}}