{"id":34705,"date":"2022-01-04T15:15:12","date_gmt":"2022-01-04T15:15:12","guid":{"rendered":"https:\/\/aja.pt\/?post_type=product&#038;p=34705"},"modified":"2024-05-07T11:14:43","modified_gmt":"2024-05-07T11:14:43","slug":"uma-vontade-de-musica-as-cantigas-do-zeca","status":"publish","type":"product","link":"https:\/\/aja.pt\/en\/produto\/uma-vontade-de-musica-as-cantigas-do-zeca\/","title":{"rendered":"Uma vontade de m\u00fasica &#8211; As cantigas do Zeca"},"content":{"rendered":"<p>Jos\u00e9 Afonso sempre subestimou a import\u00e2ncia das suas can\u00e7\u00f5es, achava que eram coisa pouco importante no conjunto das actividades antifascistas. Afinal, tiveram um peso enorme na luta do povo portugu\u00eas pela liberdade. A sua obra, por\u00e9m, vai muito para al\u00e9m da m\u00fasica de interven\u00e7\u00e3o pol\u00edtica.<\/p>\n<p>Ainda assim, muitos persistem em reduzi-lo ao cantor de interven\u00e7\u00e3o que ele tamb\u00e9m foi, desvalorizando a sua m\u00fasica e a sua poesia no que elas t\u00eam de universal e artisticamente superior.<\/p>\n<p>Confinar Jos\u00e9 Afonso na gaveta da m\u00fasica de interven\u00e7\u00e3o \u00e9 n\u00e3o compreender que a dimens\u00e3o art\u00edstica das suas can\u00e7\u00f5es est\u00e1 ao n\u00edvel do que de mais importante se fez na m\u00fasica popular universal do s\u00e9culo XX.<\/p>\n<p>Em cada uma das suas can\u00e7\u00f5es pressente-se uma preocupa\u00e7\u00e3o sistem\u00e1tica para responder musicalmente \u00e0 mensagem contida nas letras, que para ele tinham uma import\u00e2ncia primordial. Para o conseguir, Jos\u00e9 Afonso inventou solu\u00e7\u00f5es musicais extraordin\u00e1rias e surpreendentes e introduziu diversas inova\u00e7\u00f5es na nossa can\u00e7\u00e3o popular.<\/p>\n<p>Por tr\u00e1s das suas preocupa\u00e7\u00f5es pol\u00edticas e liter\u00e1rias havia sem d\u00favida UMA irrecus\u00e1vel VONTADE DE M\u00daSICA!<\/p>\n<p><strong>\u201cO autor conseguiu reunir neste trabalho um dos mais preciosos acervos de testemunhos de cr\u00edticos, de jornalistas, de amigos e companheiros do Jos\u00e9 Afonso e, nessa variedade e riqueza, \u00e0s vezes com naturais contradi\u00e7\u00f5es interpretativas, o leitor pode compreender com profundidade a obra e o processo criativo de Jos\u00e9 Afonso. Aconselho a leitura deste trabalho; talvez esteja aqui um Jos\u00e9 Afonso completo.\u201d<\/strong><span>\u00a0<\/span>Rui Pato<\/p>\n","protected":false},"excerpt":{"rendered":"<p>Confinar Jos\u00e9 Afonso na gaveta da m\u00fasica de interven\u00e7\u00e3o \u00e9 n\u00e3o compreender que a dimens\u00e3o art\u00edstica das suas can\u00e7\u00f5es est\u00e1 ao n\u00edvel do que de mais importante se fez na m\u00fasica popular universal do s\u00e9culo XX.<\/p>\n","protected":false},"featured_media":34706,"template":"","meta":[],"product_cat":[62],"product_tag":[],"_links":{"self":[{"href":"https:\/\/aja.pt\/en\/wp-json\/wp\/v2\/product\/34705"}],"collection":[{"href":"https:\/\/aja.pt\/en\/wp-json\/wp\/v2\/product"}],"about":[{"href":"https:\/\/aja.pt\/en\/wp-json\/wp\/v2\/types\/product"}],"wp:featuredmedia":[{"embeddable":true,"href":"https:\/\/aja.pt\/en\/wp-json\/wp\/v2\/media\/34706"}],"wp:attachment":[{"href":"https:\/\/aja.pt\/en\/wp-json\/wp\/v2\/media?parent=34705"}],"wp:term":[{"taxonomy":"product_cat","embeddable":true,"href":"https:\/\/aja.pt\/en\/wp-json\/wp\/v2\/product_cat?post=34705"},{"taxonomy":"product_tag","embeddable":true,"href":"https:\/\/aja.pt\/en\/wp-json\/wp\/v2\/product_tag?post=34705"}],"curies":[{"name":"wp","href":"https:\/\/api.w.org\/{rel}","templated":true}]}}