{"id":30173,"date":"2022-01-28T17:22:39","date_gmt":"2022-01-28T17:22:39","guid":{"rendered":"https:\/\/aja.pt\/?post_type=product&#038;p=30173"},"modified":"2022-03-02T18:19:22","modified_gmt":"2022-03-02T18:19:22","slug":"um-donativo-para-a-aja","status":"publish","type":"product","link":"https:\/\/aja.pt\/en\/produto\/um-donativo-para-a-aja\/","title":{"rendered":"Um donativo para a AJA"},"content":{"rendered":"<p><span>Cara\/o S\u00f3cia\/o e amiga\/o da Associa\u00e7\u00e3o Jos\u00e9 Afonso, <\/span><span>a AJA sempre pautou a sua actividade por dois objectivos centrais:<br \/>\n<\/span><br \/>\n<span>1) Estudar, divulgar e celebrar a obra e exemplo c\u00edvico de Jos\u00e9 Afonso;<\/span><br \/>\n<span>2) Faz\u00ea-lo em absoluta independ\u00eancia de qualquer tipo de poder de forma a garantir a sua total autonomia.<\/span><\/p>\n<p><span>Naturalmente que n\u00e3o tem sido um caminho f\u00e1cil. Mas \u00e9 esse caminho que queremos continuar a trilhar. As vendas de materiais, os valores resultantes dos concertos que temos vindo a realizar, a coloca\u00e7\u00e3o de exposi\u00e7\u00f5es, as quotiza\u00e7\u00f5es do associados t\u00eam sido uma fonte de receita que ajuda em muito o equil\u00edbrio das contas da AJA. No entanto, os vossos donativos s\u00e3o tamb\u00e9m parte essencial da manuten\u00e7\u00e3o d<\/span><span>o trabalho da Associa\u00e7\u00e3o, pelo que vos<\/span><span> pedimos que, se puderem e quiserem, contribuam solidariamente com um donativo (de que emitiremos recibo para dedu\u00e7\u00e3o em sede de IRS).\u00a0<\/span><span>Ser\u00e1 uma grande ajuda para que continuemos livres e independentes.<br \/>\nMuito obrigado.<\/span><\/p>\n","protected":false},"excerpt":{"rendered":"<p><span>Os vossos donativos s\u00e3o uma parte essencial da manuten\u00e7\u00e3o e continuidade d<\/span><span>o trabalho da Associa\u00e7\u00e3o.<\/span><\/p>\n","protected":false},"featured_media":37475,"template":"","meta":[],"product_cat":[399],"product_tag":[],"_links":{"self":[{"href":"https:\/\/aja.pt\/en\/wp-json\/wp\/v2\/product\/30173"}],"collection":[{"href":"https:\/\/aja.pt\/en\/wp-json\/wp\/v2\/product"}],"about":[{"href":"https:\/\/aja.pt\/en\/wp-json\/wp\/v2\/types\/product"}],"wp:featuredmedia":[{"embeddable":true,"href":"https:\/\/aja.pt\/en\/wp-json\/wp\/v2\/media\/37475"}],"wp:attachment":[{"href":"https:\/\/aja.pt\/en\/wp-json\/wp\/v2\/media?parent=30173"}],"wp:term":[{"taxonomy":"product_cat","embeddable":true,"href":"https:\/\/aja.pt\/en\/wp-json\/wp\/v2\/product_cat?post=30173"},{"taxonomy":"product_tag","embeddable":true,"href":"https:\/\/aja.pt\/en\/wp-json\/wp\/v2\/product_tag?post=30173"}],"curies":[{"name":"wp","href":"https:\/\/api.w.org\/{rel}","templated":true}]}}