{"id":27498,"date":"2022-01-05T16:59:41","date_gmt":"2022-01-05T16:59:41","guid":{"rendered":"https:\/\/aja.pt\/?post_type=product&#038;p=27498"},"modified":"2022-04-27T18:24:48","modified_gmt":"2022-04-27T18:24:48","slug":"no-tempo-das-caras-serias","status":"publish","type":"product","link":"https:\/\/aja.pt\/en\/produto\/no-tempo-das-caras-serias\/","title":{"rendered":"No tempo das caras s\u00e9rias"},"content":{"rendered":"<p>&#8220;Num pa\u00eds cinzento e sem sonhos onde as pessoas viviam aterrorizadas e tristes, Jos\u00e9 Afonso lutou e combateu as injusti\u00e7as atrav\u00e9s das suas m\u00fasicas com coragem e rebeldia&#8230;&#8221; E \u00e9 esta hist\u00f3ria que o livro conta, \u00e0s crian\u00e7as!<\/p>\n","protected":false},"excerpt":{"rendered":"<p>&#8220;Num pa\u00eds cinzento e sem sonhos onde as pessoas viviam aterrorizadas e tristes, Jos\u00e9 Afonso lutou e combateu as injusti\u00e7as atrav\u00e9s das suas m\u00fasicas com coragem e rebeldia&#8230;&#8221; E \u00e9 esta hist\u00f3ria que o livro conta, \u00e0s crian\u00e7as!<\/p>\n","protected":false},"featured_media":27477,"template":"","meta":[],"product_cat":[62],"product_tag":[],"_links":{"self":[{"href":"https:\/\/aja.pt\/en\/wp-json\/wp\/v2\/product\/27498"}],"collection":[{"href":"https:\/\/aja.pt\/en\/wp-json\/wp\/v2\/product"}],"about":[{"href":"https:\/\/aja.pt\/en\/wp-json\/wp\/v2\/types\/product"}],"wp:featuredmedia":[{"embeddable":true,"href":"https:\/\/aja.pt\/en\/wp-json\/wp\/v2\/media\/27477"}],"wp:attachment":[{"href":"https:\/\/aja.pt\/en\/wp-json\/wp\/v2\/media?parent=27498"}],"wp:term":[{"taxonomy":"product_cat","embeddable":true,"href":"https:\/\/aja.pt\/en\/wp-json\/wp\/v2\/product_cat?post=27498"},{"taxonomy":"product_tag","embeddable":true,"href":"https:\/\/aja.pt\/en\/wp-json\/wp\/v2\/product_tag?post=27498"}],"curies":[{"name":"wp","href":"https:\/\/api.w.org\/{rel}","templated":true}]}}