{"id":27496,"date":"2022-01-05T16:54:11","date_gmt":"2022-01-05T16:54:11","guid":{"rendered":"https:\/\/aja.pt\/?post_type=product&#038;p=27496"},"modified":"2022-12-08T20:39:02","modified_gmt":"2022-12-08T20:39:02","slug":"menino-doiro","status":"publish","type":"product","link":"https:\/\/aja.pt\/en\/produto\/menino-doiro\/","title":{"rendered":"Menino d&#8217;oiro: Teatro"},"content":{"rendered":"<p><span>\u00abMenino D&#8217;oiro &#8211; Vida de Zeca Afonso\u00bb, pe\u00e7a de teatro publicada em 2007 pelo C\u00edrculo de Arte e Recreio, ilustra a biografia de Jos\u00e9 Afonso. A pe\u00e7a est\u00e1 dividida nos seguintes actos: Inf\u00e2ncia, Coimbra, Mo\u00e7ambique, 29 de Mar\u00e7o de 1974 &#8211; I Encontro da Can\u00e7\u00e3o Portuguesa, Cena de Caxias, 29 de Janeiro de 1983 &#8211; Concerto de Zeca Afonso no Coliseu dos Recreios.<\/span><\/p>\n<p>Texto inclu\u00eddo no caderno<br \/>\n&#8220;Ao longo de muitos anos, o C.A.R. vem editando um conjunto de materiais e obras liter\u00e1rias, gravando desta forma no futuro, um sem n\u00famero de nomes e acontecimentos que fazem parte da nossa hist\u00f3rias individual e colectiva.<br \/>\n\u00abMenino D&#8217;oiro\u00bb \u00e9 mais um passo no caminho da afirma\u00e7\u00e3o e exposi\u00e7\u00e3o p\u00fablica da nossa identidade, dos nossos valores e da forma abrangente como encaramos a luta e a vida do Associativismo Cultural e Popular. (&#8230;)<\/p>\n","protected":false},"excerpt":{"rendered":"<p><span>\u00abMenino D&#8217;oiro &#8211; Vida de Zeca Afonso\u00bb, pe\u00e7a de teatro publicada em 2007 pelo C\u00edrculo de Arte e Recreio, ilustra a biografia de Jos\u00e9 Afonso. <\/span><\/p>\n","protected":false},"featured_media":42171,"template":"","meta":[],"product_cat":[62],"product_tag":[],"_links":{"self":[{"href":"https:\/\/aja.pt\/en\/wp-json\/wp\/v2\/product\/27496"}],"collection":[{"href":"https:\/\/aja.pt\/en\/wp-json\/wp\/v2\/product"}],"about":[{"href":"https:\/\/aja.pt\/en\/wp-json\/wp\/v2\/types\/product"}],"wp:featuredmedia":[{"embeddable":true,"href":"https:\/\/aja.pt\/en\/wp-json\/wp\/v2\/media\/42171"}],"wp:attachment":[{"href":"https:\/\/aja.pt\/en\/wp-json\/wp\/v2\/media?parent=27496"}],"wp:term":[{"taxonomy":"product_cat","embeddable":true,"href":"https:\/\/aja.pt\/en\/wp-json\/wp\/v2\/product_cat?post=27496"},{"taxonomy":"product_tag","embeddable":true,"href":"https:\/\/aja.pt\/en\/wp-json\/wp\/v2\/product_tag?post=27496"}],"curies":[{"name":"wp","href":"https:\/\/api.w.org\/{rel}","templated":true}]}}