{"id":27494,"date":"2022-01-05T16:49:58","date_gmt":"2022-01-05T16:49:58","guid":{"rendered":"https:\/\/aja.pt\/?post_type=product&#038;p=27494"},"modified":"2022-02-17T22:11:14","modified_gmt":"2022-02-17T22:11:14","slug":"insisto-nao-ser-tristeza","status":"publish","type":"product","link":"https:\/\/aja.pt\/en\/produto\/insisto-nao-ser-tristeza\/","title":{"rendered":"Insisto n\u00e3o ser tristeza: 30 anos AJA"},"content":{"rendered":"<p>Revista editada em 2017 pela Associa\u00e7\u00e3o Jos\u00e9 Afonso para assinalar os 30 anos da morte de Jos\u00e9 Afonso e da cria\u00e7\u00e3o da AJA.<\/p>\n","protected":false},"excerpt":{"rendered":"<p>Revista editada em 2017 pela Associa\u00e7\u00e3o Jos\u00e9 Afonso para assinalar os 30 anos da morte de Jos\u00e9 Afonso e da cria\u00e7\u00e3o da AJA.<\/p>\n","protected":false},"featured_media":27480,"template":"","meta":[],"product_cat":[385],"product_tag":[],"_links":{"self":[{"href":"https:\/\/aja.pt\/en\/wp-json\/wp\/v2\/product\/27494"}],"collection":[{"href":"https:\/\/aja.pt\/en\/wp-json\/wp\/v2\/product"}],"about":[{"href":"https:\/\/aja.pt\/en\/wp-json\/wp\/v2\/types\/product"}],"wp:featuredmedia":[{"embeddable":true,"href":"https:\/\/aja.pt\/en\/wp-json\/wp\/v2\/media\/27480"}],"wp:attachment":[{"href":"https:\/\/aja.pt\/en\/wp-json\/wp\/v2\/media?parent=27494"}],"wp:term":[{"taxonomy":"product_cat","embeddable":true,"href":"https:\/\/aja.pt\/en\/wp-json\/wp\/v2\/product_cat?post=27494"},{"taxonomy":"product_tag","embeddable":true,"href":"https:\/\/aja.pt\/en\/wp-json\/wp\/v2\/product_tag?post=27494"}],"curies":[{"name":"wp","href":"https:\/\/api.w.org\/{rel}","templated":true}]}}