{"id":27491,"date":"2022-01-05T16:41:33","date_gmt":"2022-01-05T16:41:33","guid":{"rendered":"https:\/\/aja.pt\/?post_type=product&#038;p=27491"},"modified":"2022-10-22T23:48:57","modified_gmt":"2022-10-22T23:48:57","slug":"palimpsesto-sobre-vampiros","status":"publish","type":"product","link":"https:\/\/aja.pt\/en\/produto\/palimpsesto-sobre-vampiros\/","title":{"rendered":"Palimpsesto sobre vampiros&#8230;"},"content":{"rendered":"<p>O livro \u00abPalimpsesto sobre vampiros, eunucos, chacais &amp; outras bichezas e figur\u00f5es na obra e na vida de Jos\u00e9 Afonso\u00bb procura \u201craspar as cantigas do Zeca\u201d (palavras de M\u00e1rio Correia), para decifrar os subterf\u00fagios e subentendidos, as analogias e simbologias e toda a linguagem codificada por detr\u00e1s das m\u00fasicas a que a censura e auto-censura do Estado Novo obrigava.<\/p>\n","protected":false},"excerpt":{"rendered":"<p>O livro procura \u201craspar as cantigas do Zeca\u201d (palavras de M\u00e1rio Correia), para decifrar os subterf\u00fagios e subentendidos, as analogias e simbologias e toda a linguagem codificada por detr\u00e1s das m\u00fasicas a que a censura e auto-censura do Estado Novo obrigava.<\/p>\n","protected":false},"featured_media":27479,"template":"","meta":[],"product_cat":[62],"product_tag":[],"_links":{"self":[{"href":"https:\/\/aja.pt\/en\/wp-json\/wp\/v2\/product\/27491"}],"collection":[{"href":"https:\/\/aja.pt\/en\/wp-json\/wp\/v2\/product"}],"about":[{"href":"https:\/\/aja.pt\/en\/wp-json\/wp\/v2\/types\/product"}],"wp:featuredmedia":[{"embeddable":true,"href":"https:\/\/aja.pt\/en\/wp-json\/wp\/v2\/media\/27479"}],"wp:attachment":[{"href":"https:\/\/aja.pt\/en\/wp-json\/wp\/v2\/media?parent=27491"}],"wp:term":[{"taxonomy":"product_cat","embeddable":true,"href":"https:\/\/aja.pt\/en\/wp-json\/wp\/v2\/product_cat?post=27491"},{"taxonomy":"product_tag","embeddable":true,"href":"https:\/\/aja.pt\/en\/wp-json\/wp\/v2\/product_tag?post=27491"}],"curies":[{"name":"wp","href":"https:\/\/api.w.org\/{rel}","templated":true}]}}