{"id":27488,"date":"2022-01-05T16:28:25","date_gmt":"2022-01-05T16:28:25","guid":{"rendered":"https:\/\/aja.pt\/?post_type=product&#038;p=27488"},"modified":"2026-01-01T00:17:14","modified_gmt":"2026-01-01T00:17:14","slug":"escritas-do-maio","status":"publish","type":"product","link":"https:\/\/aja.pt\/en\/produto\/escritas-do-maio\/","title":{"rendered":"Escritas do Maio &#8211; Escrever com Jos\u00e9 Afonso"},"content":{"rendered":"<p>O livro de actividades \u00abEscritas do Maio &#8211; Escrever com Jos\u00e9 Afonso\u00bb resulta da colabora\u00e7\u00e3o entre a editora Profedi\u00e7\u00f5es e a Associa\u00e7\u00e3o Jos\u00e9 Afonso. <span>Destinada a alunos dos 1\u00ba e 2\u00ba ciclos, estas actividades formam um conjunto de ingredientes para que cada um possa construir o seu caminho na descoberta de Jos\u00e9 Afonso com os seus alunos, ou seja, o uso dos materiais aqui reunidos fica ao crit\u00e9rio do professor, podendo integr\u00e1-los em qualquer momento ao longo do ano, de acordo com os objectivos curriculares a que se prop\u00f5e.\u00a0<\/span><br \/>\n<span>Dar a conhecer a vida e obra de Jos\u00e9 Afonso e partindo da\u00ed para o trabalho do texto po\u00e9tico, narrativo e outras actividades que visem a criatividade na escrita e n\u00e3o s\u00f3, eis o objectivo desta obra.<\/span><\/p>\n","protected":false},"excerpt":{"rendered":"<p>\u00abEscritas do Maio &#8211; Escrever com Jos\u00e9 Afonso\u00bb resulta da colabora\u00e7\u00e3o entre a editora Profedi\u00e7\u00f5es e a Associa\u00e7\u00e3o Jos\u00e9 Afonso. <span>Destinada a alunos dos 1\u00ba e 2\u00ba ciclos, estas actividades formam um conjunto de ingredientes para que cada um possa construir o seu caminho na descoberta de Jos\u00e9 Afonso&#8230;<\/span><\/p>\n","protected":false},"featured_media":37526,"template":"","meta":[],"product_cat":[62],"product_tag":[],"_links":{"self":[{"href":"https:\/\/aja.pt\/en\/wp-json\/wp\/v2\/product\/27488"}],"collection":[{"href":"https:\/\/aja.pt\/en\/wp-json\/wp\/v2\/product"}],"about":[{"href":"https:\/\/aja.pt\/en\/wp-json\/wp\/v2\/types\/product"}],"wp:featuredmedia":[{"embeddable":true,"href":"https:\/\/aja.pt\/en\/wp-json\/wp\/v2\/media\/37526"}],"wp:attachment":[{"href":"https:\/\/aja.pt\/en\/wp-json\/wp\/v2\/media?parent=27488"}],"wp:term":[{"taxonomy":"product_cat","embeddable":true,"href":"https:\/\/aja.pt\/en\/wp-json\/wp\/v2\/product_cat?post=27488"},{"taxonomy":"product_tag","embeddable":true,"href":"https:\/\/aja.pt\/en\/wp-json\/wp\/v2\/product_tag?post=27488"}],"curies":[{"name":"wp","href":"https:\/\/api.w.org\/{rel}","templated":true}]}}