{"id":27466,"date":"2022-01-05T16:25:56","date_gmt":"2022-01-05T16:25:56","guid":{"rendered":"https:\/\/aja.pt\/?post_type=product&#038;p=27466"},"modified":"2023-11-24T14:50:14","modified_gmt":"2023-11-24T14:50:14","slug":"jose-afonso-todas-as-cancoes","status":"publish","type":"product","link":"https:\/\/aja.pt\/en\/produto\/jose-afonso-todas-as-cancoes\/","title":{"rendered":"Jos\u00e9 Afonso &#8211; Todas as can\u00e7\u00f5es"},"content":{"rendered":"<p>O livro \u00abJos\u00e9 Afonso \u2013 Todas as Can\u00e7\u00f5es\u00bb, obra imprescind\u00edvel da autoria de Guilhermino Monteiro, Jos\u00e9 M\u00e1rio Branco, Jo\u00e3o L\u00f3io e Oct\u00e1vio Fonseca, re\u00fane as partituras, letras e diagramas de acordes de 159 can\u00e7\u00f5es de Jos\u00e9 Afonso. Depois de em 2010 ter sido dado \u00e0 estampa pela \u201cAss\u00edrio &amp; Alvim\u201d, onde teve duas edi\u00e7\u00f5es, volta agora a estar dispon\u00edvel com edi\u00e7\u00e3o \/ distribui\u00e7\u00e3o da Associa\u00e7\u00e3o Jos\u00e9 Afonso.<\/p>\n","protected":false},"excerpt":{"rendered":"<p>O livro \u00abJos\u00e9 Afonso \u2013 Todas as Can\u00e7\u00f5es\u00bb, obra imprescind\u00edvel da autoria de Guilhermino Monteiro, Jos\u00e9 M\u00e1rio Branco, Jo\u00e3o L\u00f3io e Oct\u00e1vio Fonseca, re\u00fane as partituras, letras e diagramas de acordes de 159 can\u00e7\u00f5es de Jos\u00e9 Afonso.<\/p>\n","protected":false},"featured_media":37506,"template":"","meta":[],"product_cat":[62],"product_tag":[],"_links":{"self":[{"href":"https:\/\/aja.pt\/en\/wp-json\/wp\/v2\/product\/27466"}],"collection":[{"href":"https:\/\/aja.pt\/en\/wp-json\/wp\/v2\/product"}],"about":[{"href":"https:\/\/aja.pt\/en\/wp-json\/wp\/v2\/types\/product"}],"wp:featuredmedia":[{"embeddable":true,"href":"https:\/\/aja.pt\/en\/wp-json\/wp\/v2\/media\/37506"}],"wp:attachment":[{"href":"https:\/\/aja.pt\/en\/wp-json\/wp\/v2\/media?parent=27466"}],"wp:term":[{"taxonomy":"product_cat","embeddable":true,"href":"https:\/\/aja.pt\/en\/wp-json\/wp\/v2\/product_cat?post=27466"},{"taxonomy":"product_tag","embeddable":true,"href":"https:\/\/aja.pt\/en\/wp-json\/wp\/v2\/product_tag?post=27466"}],"curies":[{"name":"wp","href":"https:\/\/api.w.org\/{rel}","templated":true}]}}