{"id":36612,"date":"2022-02-24T17:10:20","date_gmt":"2022-02-24T17:10:20","guid":{"rendered":"https:\/\/aja.pt\/?page_id=36612"},"modified":"2022-09-11T15:15:50","modified_gmt":"2022-09-11T15:15:50","slug":"como-comprar","status":"publish","type":"page","link":"https:\/\/aja.pt\/en\/como-comprar\/","title":{"rendered":"como comprar"},"content":{"rendered":"\t\t<div data-elementor-type=\"wp-page\" data-elementor-id=\"36612\" class=\"elementor elementor-36612\" data-elementor-settings=\"[]\">\n\t\t\t\t\t\t\t<div class=\"elementor-section-wrap\">\n\t\t\t\t\t\t\t<section class=\"elementor-section elementor-top-section elementor-element elementor-element-21608e8 elementor-section-boxed elementor-section-height-default elementor-section-height-default\" data-id=\"21608e8\" data-element_type=\"section\">\n\t\t\t\t\t\t<div class=\"elementor-container elementor-column-gap-default\">\n\t\t\t\t\t<div class=\"elementor-column elementor-col-100 elementor-top-column elementor-element elementor-element-d2d8438\" data-id=\"d2d8438\" data-element_type=\"column\">\n\t\t\t<div class=\"elementor-widget-wrap elementor-element-populated\">\n\t\t\t\t\t\t\t\t<div class=\"elementor-element elementor-element-b71cc88 elementor-view-default elementor-widget elementor-widget-wgl-toggle-accordion\" data-id=\"b71cc88\" data-element_type=\"widget\" data-widget_type=\"wgl-toggle-accordion.default\">\n\t\t\t\t<div class=\"elementor-widget-container\">\n\t\t\t<div class=\"wgl-accordion icon-plus\" id=\"wgl-accordion-b71cc88\" data-type=\"toggle\"><div class=\"wgl-accordion_panel\"><h4 id=\"wgl-accordion_header-1921\" class=\"wgl-accordion_header\" data-default=\"yes\"><span class=\"wgl-accordion_title\">ENVIO E PORTES<\/span><i class=\"wgl-accordion_icon elementor-icon \"><\/i><\/h4><div class=\"wgl-accordion_content\"><p>Os portes de envio ser\u00e3o automaticamente calculados de acordo com o n\u00famero de artigos adicionados ao seu cesto, assim como a morada de envio.<\/p><p><strong><span style=\"color: #f31717;\">PORTUGAL<\/span><\/strong><br \/><strong>Correio Registado<\/strong><br \/>Artigos at\u00e9 300g: 4\u20ac por artigo + 0.50\u20ac por cada artigo extra<br \/>Artigos acima de 300g: 6\u20ac por artigo + 1 \u20ac por cada artigo extra<br \/>Prazo de entrega: at\u00e9 2 dias \u00fateis<\/p><p><strong><span style=\"color: #f31717;\">EUROPA<\/span><\/strong><br \/><strong>Correio Registado<\/strong><br \/>Artigos at\u00e9 300g: 10\u20ac por artigo + 2\u20ac por cada artigo extra<br \/>Artigos acima de 300g: 12\u20ac por artigo + 3\u20ac por cada artigo extra<br \/>Prazo de entrega: at\u00e9 10 dias \u00fateis<\/p><p><strong><span style=\"color: #f31717;\">RESTO DO MUNDO<\/span><\/strong><br \/><strong>Correio registado<\/strong><br \/>Artigos at\u00e9 300g: 18.50\u20ac por 1 artigo + 3.50\u20ac por cada livro extra<br \/>Artigos acima de 300g: 22\u20ac por artigo + 5\u20ac por cada artigo extra<br \/>Prazo de entrega:\u00a0at\u00e9 20 dias \u00fateis<\/p><\/div><\/div><div class=\"wgl-accordion_panel\"><h4 id=\"wgl-accordion_header-1922\" class=\"wgl-accordion_header\" data-default=\"\"><span class=\"wgl-accordion_title\">FORMAS DE PAGAMENTO<\/span><i class=\"wgl-accordion_icon elementor-icon \"><\/i><\/h4><div class=\"wgl-accordion_content\"><p>O custo dos produtos e dos portes ser\u00e3o pagos ao finalizar a sua encomenda. Est\u00e3o dispon\u00edveis as seguintes formas de pagamento:<\/p><p><span style=\"color: #f31717;\"><strong>ENCOMENDAS EM PORTUGAL<\/strong><\/span><br \/>Transfer\u00eancia banc\u00e1ria<br \/>PayPal + Cart\u00e3o de cr\u00e9dito<\/p><p><span style=\"color: #f31717;\"><strong>ENCOMENDAS INTERNACIONAIS<\/strong><\/span><br \/>PayPal + Cart\u00e3o de cr\u00e9dito (n\u00e3o se aceitam transfer\u00eancias banc\u00e1rias)<\/p><p>TRANSFER\u00caNCIA BANC\u00c1RIA<br \/>Dever\u00e1 proceder \u00e0 transfer\u00eancia do montante da sua encomenda para o NIB fornecido pelo nosso sistema, mencionando sempre o n\u00famero da encomenda no descritivo da transfer\u00eancia. A encomenda ser\u00e1 expedida ap\u00f3s confirma\u00e7\u00e3o da transfer\u00eancia, cuja seguran\u00e7a \u00e9 garantida pelo seu pr\u00f3prio banco.<\/p><p>PAYPAL<br \/>Se ainda n\u00e3o tem uma conta PayPal, pode faz\u00ea-lo em alguns minutos. O PayPal \u00e9 uma refer\u00eancia mundial no dom\u00ednio das transfer\u00eancias online, garantindo rapidez e total seguran\u00e7a. Seleccionando este meio de pagamento, ser\u00e1 redireccionado para o site Paypal, onde pode confirmar a sua encomenda e o pagamento.<\/p><p>CART\u00c3O DE CR\u00c9DITO<br \/>Tamb\u00e9m atrav\u00e9s do PayPal, sem necessidade de se registar, ter\u00e1 a op\u00e7\u00e3o \u201cPagar com o meu cart\u00e3o de cr\u00e9dito ou d\u00e9bito\u201d onde poder\u00e1 introduzir os seus dados de Cart\u00e3o de Cr\u00e9dito e confirmar a sua encomenda e o pagamento. A encomenda ser\u00e1 processada imediatamente ap\u00f3s a sua ordem de pagamento.<\/p><p>Muito importante: O prazo m\u00e1ximo para o pagamento da encomenda ser\u00e1 de 10 dias. Caso n\u00e3o se efectue na sua totalidade, a encomenda ser\u00e1 cancelada.<\/p><\/div><\/div><div class=\"wgl-accordion_panel\"><h4 id=\"wgl-accordion_header-1923\" class=\"wgl-accordion_header\" data-default=\"\"><span class=\"wgl-accordion_title\">PERGUNTAS FREQUENTES<\/span><i class=\"wgl-accordion_icon elementor-icon \"><\/i><\/h4><div class=\"wgl-accordion_content\"><p><strong>A AJA tem um espa\u00e7o f\u00edsico onde possa levantar a minha encomenda?<br \/><\/strong><span>Sim. Todos os artigos que disponibilizados na nossa loja virtual encontram-se tamb\u00e9m na nossa sede de Set\u00fabal.<\/span><br \/><span>Visite-nos na Casa da Cultura, rua Detr\u00e1s da Guarda, 27, Set\u00fabal.<\/span><\/p><p><strong>Como saberei que receberam a minha encomenda?<br \/><\/strong><span>Assim que clicar no bot\u00e3o \u201cFinalizar\u201d, ao finalizar o processo de compra, ir\u00e1 receber um email que confirma a boa recep\u00e7\u00e3o da sua encomenda. Assim que for processada e enviada, receber\u00e1 um segundo email.<\/span><\/p><p><strong>Posso juntar artigos a uma encomenda j\u00e1 feita?<br \/><\/strong><span>Entre em contacto connosco atrav\u00e9s de ajacomprar@gmail.com e faremos o poss\u00edvel para corrigir a encomenda. Se esta j\u00e1 tiver sido facturada e despachada ter\u00e1 que realizar nova encomenda para quaisquer artigos adicionais.<\/span><\/p><p><strong>Posso fazer uma encomenda por telefone?<br \/><\/strong><span>Sim, esteja \u00e0 vontade para o fazer. No entanto, saiba que as encomendas feitas atrav\u00e9s do nosso s\u00edtio s\u00e3o processadas mais rapidamente, pelo que recomendamos a encomenda online.<\/span><\/p><p><strong>Posso cancelar uma encomenda j\u00e1 feita?<br \/><\/strong><span>Se formos notificados desta decis\u00e3o antes da encomenda ser enviada, procederemos \u00e0 devolu\u00e7\u00e3o\/cr\u00e9dito. Caso pe\u00e7a o cancelamento ap\u00f3s o envio da encomenda ser-nos-\u00e1 imposs\u00edvel proceder a qualquer devolu\u00e7\u00e3o antes da encomenda nos chegar. Os custos da devolu\u00e7\u00e3o ficar\u00e3o a cargo do cliente.<\/span><\/p><p><strong>Posso mudar a informa\u00e7\u00e3o de factura\u00e7\u00e3o?<br \/><\/strong>Assim que a factura \u00e9 emitida \u00e9 imposs\u00edvel fazer qualquer mudan\u00e7a. Certifique-se que todos os dados introduzidos durante a compra est\u00e3o correctos antes de clicar em \u201cFinalizar\u201d.<\/p><p><strong>Ao fazer uma compra posso indicar outro destinat\u00e1rio e morada diferente do meu?<br \/><\/strong>Claro que sim. Certifique-se apenas que inclui todos os dados necess\u00e1rios.<\/p><p><strong>Enviam para todo o mundo?<br \/><\/strong>Sim, o custo de envio ser\u00e1 calculado com base no n\u00famero de artigos no seu cesto e a morada de entrega.<\/p><p><strong>Posso localizar a minha encomenda?<\/strong><br \/><span>Todos os nossos envios s\u00e3o realizados via correio registado, o qual tem sempre associado um c\u00f3digo <\/span>que lhe permite localizar a sua encomenda no s\u00edtio dos CTT em <strong><a href=\"http:\/\/www.ctt.pt\/feapl_2\/app\/open\/tools.jspx?lang=def\" target=\"_blank\" rel=\"noopener noreferrer\">pesquisa de objectos<\/a><\/strong>.<\/p><p><strong>Posso fazer uma devolu\u00e7\u00e3o?<\/strong><br \/>Pode devolver a sua encomenda at\u00e9 15 dias ap\u00f3s a data de emiss\u00e3o da factura. Garantimos a troca do artigo por outro(s) de igual valor. Todos os portes envolvidos ficam a cargo do cliente. O produto deve ser devolvido como novo. N\u00e3o aceitamos a devolu\u00e7\u00e3o de artigos que indiciem j\u00e1 terem sido usados.<\/p><p><strong>A minha encomenda chegou em mau estado. O que devo fazer?<\/strong><br \/>Fazemos o nosso melhor para proteger os itens que expedimos. Se uma caixa est\u00e1 claramente danificada aquando da entrega, por favor abra a embalagem na presen\u00e7a do transportador. Se algum artigo se encontrar danificado, contacte-nos o mais rapidamente poss\u00edvel e envie-nos fotografias da caixa e dos artigos danificados para ajacomprar@gmail.com<\/p><p><strong>Como fa\u00e7o uma reclama\u00e7\u00e3o?<\/strong><br \/>As reclama\u00e7\u00f5es devem ser feitas apenas por email para ajacomprar@gmail.com<br \/>N\u00e3o se esque\u00e7a de mencionar o n\u00ba da encomenda, quais os artigos a devolver e especificar os motivos da devolu\u00e7\u00e3o. Indique ainda se pretende a substitui\u00e7\u00e3o por outro produto id\u00eantico ou a restitui\u00e7\u00e3o da import\u00e2ncia paga.<\/p><p><strong>Ainda com alguma pergunta por responder?<\/strong><br \/>N\u00e3o hesite em contactar-nos atrav\u00e9s do email ajacomprar@gmail.com<\/p><p>\u00a0<\/p><\/div><\/div><\/div>\t\t<\/div>\n\t\t\t\t<\/div>\n\t\t\t\t\t<\/div>\n\t\t<\/div>\n\t\t\t\t\t\t\t<\/div>\n\t\t<\/section>\n\t\t\t\t\t\t<\/div>\n\t\t\t\t\t<\/div>\n\t\t","protected":false},"excerpt":{"rendered":"<p>ENVIO E PORTES Os portes de envio ser\u00e3o automaticamente calculados de acordo com o n\u00famero de artigos adicionados ao seu cesto, assim como a morada de envio. PORTUGALCorreio RegistadoArtigos at\u00e9 300g: 4\u20ac por artigo + 0.50\u20ac por cada artigo extraArtigos acima de 300g: 6\u20ac por artigo + 1 \u20ac por cada artigo extraPrazo de entrega: [&hellip;]<\/p>\n","protected":false},"author":3,"featured_media":0,"parent":0,"menu_order":0,"comment_status":"closed","ping_status":"closed","template":"","meta":[],"_links":{"self":[{"href":"https:\/\/aja.pt\/en\/wp-json\/wp\/v2\/pages\/36612"}],"collection":[{"href":"https:\/\/aja.pt\/en\/wp-json\/wp\/v2\/pages"}],"about":[{"href":"https:\/\/aja.pt\/en\/wp-json\/wp\/v2\/types\/page"}],"author":[{"embeddable":true,"href":"https:\/\/aja.pt\/en\/wp-json\/wp\/v2\/users\/3"}],"replies":[{"embeddable":true,"href":"https:\/\/aja.pt\/en\/wp-json\/wp\/v2\/comments?post=36612"}],"version-history":[{"count":35,"href":"https:\/\/aja.pt\/en\/wp-json\/wp\/v2\/pages\/36612\/revisions"}],"predecessor-version":[{"id":39658,"href":"https:\/\/aja.pt\/en\/wp-json\/wp\/v2\/pages\/36612\/revisions\/39658"}],"wp:attachment":[{"href":"https:\/\/aja.pt\/en\/wp-json\/wp\/v2\/media?parent=36612"}],"curies":[{"name":"wp","href":"https:\/\/api.w.org\/{rel}","templated":true}]}}