{"id":22922,"date":"2021-10-30T10:35:47","date_gmt":"2021-10-30T10:35:47","guid":{"rendered":"https:\/\/aja.pt\/?page_id=22922"},"modified":"2022-04-15T16:22:55","modified_gmt":"2022-04-15T16:22:55","slug":"exposicoes","status":"publish","type":"page","link":"https:\/\/aja.pt\/en\/exposicoes\/","title":{"rendered":"exposi\u00e7\u00f5es"},"content":{"rendered":"\t\t<div data-elementor-type=\"wp-page\" data-elementor-id=\"22922\" class=\"elementor elementor-22922\" data-elementor-settings=\"[]\">\n\t\t\t\t\t\t\t<div class=\"elementor-section-wrap\">\n\t\t\t\t\t\t\t<section class=\"elementor-section elementor-top-section elementor-element elementor-element-0c5c6cd elementor-section-boxed elementor-section-height-default elementor-section-height-default\" data-id=\"0c5c6cd\" data-element_type=\"section\">\n\t\t\t\t\t\t<div class=\"elementor-container elementor-column-gap-default\">\n\t\t\t\t\t<div class=\"elementor-column elementor-col-100 elementor-top-column elementor-element elementor-element-bbcba0f\" data-id=\"bbcba0f\" data-element_type=\"column\">\n\t\t\t<div class=\"elementor-widget-wrap elementor-element-populated\">\n\t\t\t\t\t\t\t\t<div class=\"elementor-element elementor-element-445855e elementor-widget elementor-widget-text-editor\" data-id=\"445855e\" data-element_type=\"widget\" data-widget_type=\"text-editor.default\">\n\t\t\t\t<div class=\"elementor-widget-container\">\n\t\t\t<style>\/*! elementor - v3.5.6 - 28-02-2022 *\/\n.elementor-widget-text-editor.elementor-drop-cap-view-stacked .elementor-drop-cap{background-color:#818a91;color:#fff}.elementor-widget-text-editor.elementor-drop-cap-view-framed .elementor-drop-cap{color:#818a91;border:3px solid;background-color:transparent}.elementor-widget-text-editor:not(.elementor-drop-cap-view-default) .elementor-drop-cap{margin-top:8px}.elementor-widget-text-editor:not(.elementor-drop-cap-view-default) .elementor-drop-cap-letter{width:1em;height:1em}.elementor-widget-text-editor .elementor-drop-cap{float:left;text-align:center;line-height:1;font-size:50px}.elementor-widget-text-editor .elementor-drop-cap-letter{display:inline-block}<\/style>\t\t\t\t<p>A AJA tem v\u00e1rias exposi\u00e7\u00f5es dispon\u00edveis, que t\u00eam acompanhado o trabalho da associa\u00e7\u00e3o ao longo do tempo e cuja divulga\u00e7\u00e3o se pretende incentivar junto de diversas entidades, preferencialmente complementadas com outro tipo de iniciativas, como por exemplo, debates e concertos.<\/p>\t\t\t\t\t\t<\/div>\n\t\t\t\t<\/div>\n\t\t\t\t<div class=\"elementor-element elementor-element-7509931 elementor-widget elementor-widget-spacer\" data-id=\"7509931\" data-element_type=\"widget\" data-widget_type=\"spacer.default\">\n\t\t\t\t<div class=\"elementor-widget-container\">\n\t\t\t\t\t<div class=\"elementor-spacer\">\n\t\t\t<div class=\"elementor-spacer-inner\"><\/div>\n\t\t<\/div>\n\t\t\t\t<\/div>\n\t\t\t\t<\/div>\n\t\t\t\t\t<\/div>\n\t\t<\/div>\n\t\t\t\t\t\t\t<\/div>\n\t\t<\/section>\n\t\t\t\t<section class=\"elementor-section elementor-top-section elementor-element elementor-element-d285fd0 elementor-section-boxed elementor-section-height-default elementor-section-height-default\" data-id=\"d285fd0\" data-element_type=\"section\">\n\t\t\t\t\t\t<div class=\"elementor-container elementor-column-gap-default\">\n\t\t\t\t\t<div class=\"elementor-column elementor-col-33 elementor-top-column elementor-element elementor-element-5d90f42\" data-id=\"5d90f42\" data-element_type=\"column\">\n\t\t\t<div class=\"elementor-widget-wrap elementor-element-populated\">\n\t\t\t\t\t\t\t\t<div class=\"elementor-element elementor-element-792b7bd elementor-widget elementor-widget-image\" data-id=\"792b7bd\" data-element_type=\"widget\" data-widget_type=\"image.default\">\n\t\t\t\t<div class=\"elementor-widget-container\">\n\t\t\t<style>\/*! elementor - v3.5.6 - 28-02-2022 *\/\n.elementor-widget-image{text-align:center}.elementor-widget-image a{display:inline-block}.elementor-widget-image a img[src$=\".svg\"]{width:48px}.elementor-widget-image img{vertical-align:middle;display:inline-block}<\/style>\t\t\t\t\t\t\t\t\t\t\t\t<img width=\"1053\" height=\"1600\" src=\"https:\/\/aja.pt\/wp-content\/uploads\/2022\/02\/Expo-Desta-Cancao.jpg\" class=\"attachment-full size-full\" alt=\"\" loading=\"lazy\" srcset=\"https:\/\/aja.pt\/wp-content\/uploads\/2022\/02\/Expo-Desta-Cancao.jpg 1053w, https:\/\/aja.pt\/wp-content\/uploads\/2022\/02\/Expo-Desta-Cancao-197x300.jpg 197w, https:\/\/aja.pt\/wp-content\/uploads\/2022\/02\/Expo-Desta-Cancao-674x1024.jpg 674w, https:\/\/aja.pt\/wp-content\/uploads\/2022\/02\/Expo-Desta-Cancao-768x1167.jpg 768w, https:\/\/aja.pt\/wp-content\/uploads\/2022\/02\/Expo-Desta-Cancao-1011x1536.jpg 1011w\" sizes=\"(max-width: 1053px) 100vw, 1053px\" \/>\t\t\t\t\t\t\t\t\t\t\t\t\t\t\t<\/div>\n\t\t\t\t<\/div>\n\t\t\t\t\t<\/div>\n\t\t<\/div>\n\t\t\t\t<div class=\"elementor-column elementor-col-66 elementor-top-column elementor-element elementor-element-685197b\" data-id=\"685197b\" data-element_type=\"column\">\n\t\t\t<div class=\"elementor-widget-wrap elementor-element-populated\">\n\t\t\t\t\t\t\t\t<div class=\"elementor-element elementor-element-ed519ec elementor-widget elementor-widget-text-editor\" data-id=\"ed519ec\" data-element_type=\"widget\" data-widget_type=\"text-editor.default\">\n\t\t\t\t<div class=\"elementor-widget-container\">\n\t\t\t\t\t\t\t<p><strong>&nbsp; &nbsp; Exposi\u00e7\u00f5es dispon\u00edveis:<\/strong><\/p>\n<ul>\n<li><strong>Jos\u00e9 Afonso: andarilho, poeta e cantor<\/strong>&nbsp;sobre a vida de Jos\u00e9 Afonso, concebida pelo mestre Rog\u00e9rio Ribeiro em 1994 e renovada recentemente gra\u00e7as a financiamento da Assembleia da Rep\u00fablica;<\/li>\n<li><strong>Desta Can\u00e7\u00e3o que Apete\u00e7o<\/strong> focada na discografia de Jos\u00e9 Afonso, da autoria de Cl\u00e1udia Lopes e Miguel Gouveia;<\/li>\n<li><strong>Jos\u00e9 Afonso &#8211; Geografias de uma vida<\/strong>&nbsp;da autoria de Te\u00f3filo Duarte (18 pain\u00e9is em PVC). Existem quatro exemplares desta exposi\u00e7\u00e3o, que se encontram \u00e0 guarda de diversos n\u00facleos da AJA;<\/li>\n<li><strong>Jos\u00e9 Afonso e Rui Pato &#8211; uma colabora\u00e7\u00e3o marcante<\/strong>&nbsp;da autoria de Jo\u00e3o Madeira (9 pain\u00e9is em PVC);<\/li>\n<li><strong>Carlos Paredes: O homem e a obra<\/strong>&nbsp;(21 pain\u00e9is em <em>kapaline<\/em>);<\/li>\n<li><strong>Al\u00edpio de Freitas &#8211; muitas vidas numa s\u00f3<\/strong>&nbsp;da autoria de Jo\u00e3o Madeira (21 pain\u00e9is em tela).<\/li>\n<li><strong>Quantos \u00e9 que n\u00f3s somos?<\/strong> \u00e9 uma antologia das imagens registadas por Tiago Fezas Vital, cuidadas por M\u00e1rio Rainha Campos e Ana Taipas. O que teria sido uma discreta aproxima\u00e7\u00e3o do fot\u00f3grafo ao trabalho de est\u00fadio tornou-se no \u00fanico registo do processo de grava\u00e7\u00e3o do disco Ruas e Mem\u00f3rias, de Marco Oliveira, com direc\u00e7\u00e3o de Jos\u00e9 M\u00e1rio Branco, e tamb\u00e9m na cristaliza\u00e7\u00e3o das \u00faltimas horas de vida de um homem no exerc\u00edcio do seu of\u00edcio. Esta exposi\u00e7\u00e3o revela, numa s\u00edntese fotogr\u00e1fica, a constela\u00e7\u00e3o de onde irradiam as notas mais puras desse instrumento bel\u00edssimo chamado <em>mestre<\/em>&nbsp;no z\u00e9nite da cria\u00e7\u00e3o. \u00c9 simultaneamente um convite ao di\u00e1logo, uma convocat\u00f3ria e uma homenagem ao of\u00edcio art\u00edstico, \u00e0s li\u00e7\u00f5es dos mestres e aos disc\u00edpulos&nbsp;que, por amor, as fa\u00e7am valer.\n<p>Ficha t\u00e9cnica:<br>Fotografia de Tiago Fezas Vital<br>Curadoria de Ana Sofia Paiva, Marco Oliveira, Ana Taipas e M\u00e1rio Rainha Campos~<br><span style=\"font-family: Jost; font-size: 18px; font-style: normal; color: var( --e-global-color-text ); background-color: ; font-weight: 700;\"><br>Exposi\u00e7\u00f5es realizadas durante o Festival CANTIGAS DO MAIO:<\/span><\/p>\n<\/li>\n<\/ul>\n<ul>\n<li>1\u00ba Grupo &#8211; Fotografia:<br><strong>Tuna de Carvalhais<br><\/strong><strong>Coros alentejanos<\/strong><br><strong>Constru\u00e7\u00e3o de adufes<\/strong>&nbsp;por Jos\u00e9 Relvas<br><strong>Aprender fotografia<\/strong>&nbsp;por Marcos Borga<br><strong>Minorias esquecidas pelo mundo<\/strong> | \u00cdndios Brasil \/ EUA e Curdist\u00e3o &#8211; Laz<br><strong>Cantigas do Maio<\/strong> m\u00fasicas do mundo<br><br><\/li>\n<li>2\u00ba Grupo &#8211; Artesanato de barros pintados:<br><strong>Sete pecados e sete virtudes <\/strong>por J\u00falia Ramalho<br><strong>Galos na artes popular<br><\/strong><strong>Bandas na arte popular portuguesa<\/strong>.<\/li>\n<\/ul>\t\t\t\t\t\t<\/div>\n\t\t\t\t<\/div>\n\t\t\t\t\t<\/div>\n\t\t<\/div>\n\t\t\t\t\t\t\t<\/div>\n\t\t<\/section>\n\t\t\t\t<section class=\"elementor-section elementor-top-section elementor-element elementor-element-2fe4d14 elementor-section-boxed elementor-section-height-default elementor-section-height-default\" data-id=\"2fe4d14\" data-element_type=\"section\">\n\t\t\t\t\t\t<div class=\"elementor-container elementor-column-gap-default\">\n\t\t\t\t\t<div class=\"elementor-column elementor-col-100 elementor-top-column elementor-element elementor-element-513db15\" data-id=\"513db15\" data-element_type=\"column\">\n\t\t\t<div class=\"elementor-widget-wrap elementor-element-populated\">\n\t\t\t\t\t\t\t\t<div class=\"elementor-element elementor-element-e5ff093 elementor-widget elementor-widget-spacer\" data-id=\"e5ff093\" data-element_type=\"widget\" data-widget_type=\"spacer.default\">\n\t\t\t\t<div class=\"elementor-widget-container\">\n\t\t\t\t\t<div class=\"elementor-spacer\">\n\t\t\t<div class=\"elementor-spacer-inner\"><\/div>\n\t\t<\/div>\n\t\t\t\t<\/div>\n\t\t\t\t<\/div>\n\t\t\t\t\t<\/div>\n\t\t<\/div>\n\t\t\t\t\t\t\t<\/div>\n\t\t<\/section>\n\t\t\t\t\t\t<\/div>\n\t\t\t\t\t<\/div>\n\t\t","protected":false},"excerpt":{"rendered":"<p>A AJA tem v\u00e1rias exposi\u00e7\u00f5es dispon\u00edveis, que t\u00eam acompanhado o trabalho da associa\u00e7\u00e3o ao longo do tempo e cuja divulga\u00e7\u00e3o se pretende incentivar junto de diversas entidades, preferencialmente complementadas com outro tipo de iniciativas, como por exemplo, debates e concertos. &nbsp; &nbsp; Exposi\u00e7\u00f5es dispon\u00edveis: Jos\u00e9 Afonso: andarilho, poeta e cantor&nbsp;sobre a vida de Jos\u00e9 Afonso, [&hellip;]<\/p>\n","protected":false},"author":3,"featured_media":0,"parent":0,"menu_order":0,"comment_status":"closed","ping_status":"closed","template":"","meta":[],"_links":{"self":[{"href":"https:\/\/aja.pt\/en\/wp-json\/wp\/v2\/pages\/22922"}],"collection":[{"href":"https:\/\/aja.pt\/en\/wp-json\/wp\/v2\/pages"}],"about":[{"href":"https:\/\/aja.pt\/en\/wp-json\/wp\/v2\/types\/page"}],"author":[{"embeddable":true,"href":"https:\/\/aja.pt\/en\/wp-json\/wp\/v2\/users\/3"}],"replies":[{"embeddable":true,"href":"https:\/\/aja.pt\/en\/wp-json\/wp\/v2\/comments?post=22922"}],"version-history":[{"count":10,"href":"https:\/\/aja.pt\/en\/wp-json\/wp\/v2\/pages\/22922\/revisions"}],"predecessor-version":[{"id":38738,"href":"https:\/\/aja.pt\/en\/wp-json\/wp\/v2\/pages\/22922\/revisions\/38738"}],"wp:attachment":[{"href":"https:\/\/aja.pt\/en\/wp-json\/wp\/v2\/media?parent=22922"}],"curies":[{"name":"wp","href":"https:\/\/api.w.org\/{rel}","templated":true}]}}